{"id":5133,"date":"2026-02-12T12:15:12","date_gmt":"2026-02-12T12:15:12","guid":{"rendered":"https:\/\/mjh-chips.com\/landing\/"},"modified":"2026-02-13T10:16:30","modified_gmt":"2026-02-13T10:16:30","slug":"landing","status":"publish","type":"page","link":"https:\/\/mjh-chips.com\/tr\/landing\/","title":{"rendered":"landing"},"content":{"rendered":"\t\t<div data-elementor-type=\"wp-page\" data-elementor-id=\"5133\" class=\"elementor elementor-5133 elementor-5015\" data-elementor-post-type=\"page\">\n\t\t\t\t<div class=\"elementor-element elementor-element-b896e47 e-con-full e-flex e-con e-parent\" data-id=\"b896e47\" data-element_type=\"container\">\n\t\t\t\t<div class=\"elementor-element elementor-element-3fdcb8b elementor-widget elementor-widget-text-editor\" data-id=\"3fdcb8b\" data-element_type=\"widget\" data-widget_type=\"text-editor.default\">\n\t\t\t\t<div class=\"elementor-widget-container\">\n\t\t\t\t\t\t\t\t\t<h1>Ho\u015f Geldiniz<\/h1><h1>MJ COMPANY<\/h1><p>Videomuzu izledikten sonra g\u00f6sterdi\u011finiz ilgi i\u00e7in te\u015fekk\u00fcr ederiz. Fiyatlar, distrib\u00fct\u00f6rl\u00fck veya detayl\u0131 bilgi i\u00e7in ekibimiz sizinle ileti\u015fime haz\u0131r. <\/p>\t\t\t\t\t\t\t\t<\/div>\n\t\t\t\t<\/div>\n\t\t\t\t<div class=\"elementor-element elementor-element-577618f premium-lq__none elementor-widget elementor-widget-premium-addon-button\" data-id=\"577618f\" data-element_type=\"widget\" data-widget_type=\"premium-addon-button.default\">\n\t\t\t\t<div class=\"elementor-widget-container\">\n\t\t\t\t\t\n\n\t\t<a class=\"premium-button premium-button-none premium-btn-lg premium-button-none\" href=\"https:\/\/wa.me\/905393264716?text=Merhaba,%20YouTube\u2019da%20MJ%20COMPANY%20reklam\u0131n\u0131z\u0131%20g\u00f6rd\u00fcm.%20Fiyatlar%20ve%20distrib\u00fct\u00f6rl\u00fck%20se\u00e7enekleri%20hakk\u0131nda%20bilgi%20almak%20istiyorum.%20Detaylar\u0131%20payla\u015fabilir%20misiniz?%20Te\u015fekk\u00fcr%20ederim\" target=\"_blank\" rel=\"noopener\">\n\t\t\t<div class=\"premium-button-text-icon-wrapper\">\n\t\t\t\t\n\t\t\t\t\t\t\t\t\t<span >\n\t\t\t\t\t\tWhatsApp \u00fczerinden hemen bize yaz\u0131n\t\t\t\t\t<\/span>\n\t\t\t\t\t\t\t<\/div>\n\n\t\t\t\n\t\t\t\n\t\t\t\n\t\t<\/a>\n\n\n\t\t\t\t\t\t<\/div>\n\t\t\t\t<\/div>\n\t\t\t\t<\/div>\n\t\t<div class=\"elementor-element elementor-element-d0aab86 e-con-full e-flex e-con e-parent\" data-id=\"d0aab86\" data-element_type=\"container\">\n\t\t\t\t<div class=\"elementor-element elementor-element-077ecb4 elementor-widget elementor-widget-video\" data-id=\"077ecb4\" data-element_type=\"widget\" data-settings=\"{&quot;youtube_url&quot;:&quot;https:\\\/\\\/www.youtube.com\\\/watch?v=WOETbkqo9ns&amp;feature=youtu.be&quot;,&quot;autoplay&quot;:&quot;yes&quot;,&quot;mute&quot;:&quot;yes&quot;,&quot;video_type&quot;:&quot;youtube&quot;}\" data-widget_type=\"video.default\">\n\t\t\t\t<div class=\"elementor-widget-container\">\n\t\t\t\t\t\t\t<div class=\"elementor-wrapper elementor-open-inline\">\n\t\t\t<div class=\"elementor-video\"><\/div>\t\t<\/div>\n\t\t\t\t\t\t<\/div>\n\t\t\t\t<\/div>\n\t\t\t\t<\/div>\n\t\t<div class=\"elementor-element elementor-element-40ff3eb e-flex e-con-boxed e-con e-parent\" data-id=\"40ff3eb\" data-element_type=\"container\">\n\t\t\t\t\t<div class=\"e-con-inner\">\n\t\t\t\t<div class=\"elementor-element elementor-element-b660d12 elementor-widget elementor-widget-gallery\" data-id=\"b660d12\" data-element_type=\"widget\" data-settings=\"{&quot;gallery_layout&quot;:&quot;masonry&quot;,&quot;columns&quot;:3,&quot;gap&quot;:{&quot;unit&quot;:&quot;px&quot;,&quot;size&quot;:15,&quot;sizes&quot;:[]},&quot;lazyload&quot;:&quot;yes&quot;,&quot;columns_tablet&quot;:2,&quot;columns_mobile&quot;:1,&quot;gap_tablet&quot;:{&quot;unit&quot;:&quot;px&quot;,&quot;size&quot;:10,&quot;sizes&quot;:[]},&quot;gap_mobile&quot;:{&quot;unit&quot;:&quot;px&quot;,&quot;size&quot;:10,&quot;sizes&quot;:[]},&quot;content_hover_animation&quot;:&quot;fade-in&quot;}\" data-widget_type=\"gallery.default\">\n\t\t\t\t<div class=\"elementor-widget-container\">\n\t\t\t\t\t\t\t<div class=\"elementor-gallery__container\">\n\t\t\t\t\t\t\t<div class=\"e-gallery-item elementor-gallery-item elementor-animated-content\">\n\t\t\t\t\t<div class=\"e-gallery-image elementor-gallery-item__image\" data-thumbnail=\"https:\/\/eugwy3wg97r.exactdn.com\/wp-content\/uploads\/2026\/02\/home_rich_products_01-300x197.webp?strip=all\" data-width=\"300\" data-height=\"197\" aria-label=\"\" role=\"img\" ><\/div>\n\t\t\t\t\t\t\t\t\t\t\t\t\t\t<\/div>\n\t\t\t\t\t\t\t<div class=\"e-gallery-item elementor-gallery-item elementor-animated-content\">\n\t\t\t\t\t<div class=\"e-gallery-image elementor-gallery-item__image\" data-thumbnail=\"https:\/\/eugwy3wg97r.exactdn.com\/wp-content\/uploads\/2026\/02\/home_bafi_products_mobile-298x300.webp?strip=all\" data-width=\"298\" data-height=\"300\" aria-label=\"\" role=\"img\" ><\/div>\n\t\t\t\t\t\t\t\t\t\t\t\t\t\t<\/div>\n\t\t\t\t\t\t\t<div class=\"e-gallery-item elementor-gallery-item elementor-animated-content\">\n\t\t\t\t\t<div class=\"e-gallery-image elementor-gallery-item__image\" data-thumbnail=\"https:\/\/eugwy3wg97r.exactdn.com\/wp-content\/uploads\/2023\/08\/1-1-300x197.png?strip=all\" data-width=\"300\" data-height=\"197\" aria-label=\"\" role=\"img\" ><\/div>\n\t\t\t\t\t\t\t\t\t\t\t\t\t\t<\/div>\n\t\t\t\t\t\t\t<div class=\"e-gallery-item elementor-gallery-item elementor-animated-content\">\n\t\t\t\t\t<div class=\"e-gallery-image elementor-gallery-item__image\" data-thumbnail=\"https:\/\/eugwy3wg97r.exactdn.com\/wp-content\/uploads\/2026\/02\/home_lkzz_products_03-300x137.webp?strip=all\" data-width=\"300\" data-height=\"137\" aria-label=\"\" role=\"img\" ><\/div>\n\t\t\t\t\t\t\t\t\t\t\t\t\t\t<\/div>\n\t\t\t\t\t\t\t<div class=\"e-gallery-item elementor-gallery-item elementor-animated-content\">\n\t\t\t\t\t<div class=\"e-gallery-image elementor-gallery-item__image\" data-thumbnail=\"https:\/\/eugwy3wg97r.exactdn.com\/wp-content\/uploads\/2026\/02\/home_lkzz_products_02-300x137.webp?strip=all\" data-width=\"300\" data-height=\"137\" aria-label=\"\" role=\"img\" ><\/div>\n\t\t\t\t\t\t\t\t\t\t\t\t\t\t<\/div>\n\t\t\t\t\t\t\t<div class=\"e-gallery-item elementor-gallery-item elementor-animated-content\">\n\t\t\t\t\t<div class=\"e-gallery-image elementor-gallery-item__image\" data-thumbnail=\"https:\/\/eugwy3wg97r.exactdn.com\/wp-content\/uploads\/2026\/02\/home_smile_products_01-300x197.webp?strip=all\" data-width=\"300\" data-height=\"197\" aria-label=\"\" role=\"img\" ><\/div>\n\t\t\t\t\t\t\t\t\t\t\t\t\t\t<\/div>\n\t\t\t\t\t<\/div>\n\t\t\t\t\t<\/div>\n\t\t\t\t<\/div>\n\t\t\t\t\t<\/div>\n\t\t\t\t<\/div>\n\t\t<div class=\"elementor-element elementor-element-ed3b4b9 e-flex e-con-boxed e-con e-parent\" data-id=\"ed3b4b9\" data-element_type=\"container\">\n\t\t\t\t\t<div class=\"e-con-inner\">\n\t\t\t\t<div class=\"elementor-element elementor-element-c66a61e pa-carousel-gallery premium-carousel__eq-height-yes pa-carousel-horizontal elementor-widget elementor-widget-premium-carousel-widget\" data-id=\"c66a61e\" data-element_type=\"widget\" data-widget_type=\"premium-carousel-widget.default\">\n\t\t\t\t<div class=\"elementor-widget-container\">\n\t\t\t\t\t\t\t<div id=\"premium-carousel-wrapper-c66a61e\" class=\"premium-carousel-wrapper premium-carousel-hidden carousel-wrapper-c66a61e  premium-carousel-dots-below\" data-settings=\"{&quot;vertical&quot;:false,&quot;appearance&quot;:&quot;all&quot;,&quot;slidesToShow&quot;:5,&quot;infinite&quot;:true,&quot;speed&quot;:300,&quot;fade&quot;:false,&quot;autoplay&quot;:true,&quot;autoplaySpeed&quot;:4000,&quot;draggable&quot;:true,&quot;touchMove&quot;:true,&quot;adaptiveHeight&quot;:false,&quot;variableWidth&quot;:false,&quot;cssEase&quot;:&quot;ease&quot;,&quot;pauseOnHover&quot;:true,&quot;centerMode&quot;:false,&quot;arrows&quot;:false,&quot;dots&quot;:true,&quot;slidesDesk&quot;:5,&quot;slidesTab&quot;:5,&quot;slidesMob&quot;:2,&quot;animation&quot;:&quot;null&quot;,&quot;tabletBreak&quot;:1025,&quot;mobileBreak&quot;:768,&quot;navigation&quot;:[],&quot;carouselNavigation&quot;:true,&quot;templatesNumber&quot;:14,&quot;hasNavSlider&quot;:false,&quot;mouseTilt&quot;:false,&quot;mouseTiltRev&quot;:false}\">\n\t\t\t<!-- Dots -->\n\t\t\t\t\t\t\t<div class=\"premium-carousel-nav-dot\">\n\t\t\t\t\t\t\t\t\t\t\t\t<i class=\"fas fa-circle\" aria-hidden=\"true\"><\/i>\n\t\t\t\t\t\t\t\t\t\t<\/div>\n\t\t\t\n\t\t\t\n\t\t\t<!-- Main Slides -->\n\t\t\t<div id=\"premium-carousel-c66a61e\" class=\"premium-carousel-inner\">\n\t\t\t\t\t\t\t\t\t\t<div class=\"premium-carousel-template item-wrapper\" >\n\t\t\t\t\t\t\t\n\t\t\t\t\t\t\t\t\t\t\t\t\t\t\t\t\t\t<img decoding=\"async\" src=\"https:\/\/eugwy3wg97r.exactdn.com\/wp-content\/uploads\/2026\/02\/ROCKYTOS-2.webp?strip=all\" alt=\"ROCKYTOS-2\">\n\t\t\t\t\t\t\t\t\t\t\t\t\t\t\t\t\t\t\n\t\t\t\t\t\t\t\t\t\t\t\t\t<\/div>\n\t\t\t\t\t\t\t\t\t\t\t\t<div class=\"premium-carousel-template item-wrapper\" >\n\t\t\t\t\t\t\t\n\t\t\t\t\t\t\t\t\t\t\t\t\t\t\t\t\t\t<img decoding=\"async\" src=\"https:\/\/eugwy3wg97r.exactdn.com\/wp-content\/uploads\/2026\/02\/ROCKYTOS-1.webp?strip=all\" alt=\"ROCKYTOS-1\">\n\t\t\t\t\t\t\t\t\t\t\t\t\t\t\t\t\t\t\n\t\t\t\t\t\t\t\t\t\t\t\t\t<\/div>\n\t\t\t\t\t\t\t\t\t\t\t\t<div class=\"premium-carousel-template item-wrapper\" >\n\t\t\t\t\t\t\t\n\t\t\t\t\t\t\t\t\t\t\t\t\t\t\t\t\t\t<img decoding=\"async\" src=\"https:\/\/eugwy3wg97r.exactdn.com\/wp-content\/uploads\/2026\/02\/rocktos-03.webp?strip=all\" alt=\"rocktos-03\">\n\t\t\t\t\t\t\t\t\t\t\t\t\t\t\t\t\t\t\n\t\t\t\t\t\t\t\t\t\t\t\t\t<\/div>\n\t\t\t\t\t\t\t\t\t\t\t\t<div class=\"premium-carousel-template item-wrapper\" >\n\t\t\t\t\t\t\t\n\t\t\t\t\t\t\t\t\t\t\t\t\t\t\t\t\t\t<img decoding=\"async\" src=\"https:\/\/eugwy3wg97r.exactdn.com\/wp-content\/uploads\/2026\/02\/rocktos-02.webp?strip=all\" alt=\"rocktos-02\">\n\t\t\t\t\t\t\t\t\t\t\t\t\t\t\t\t\t\t\n\t\t\t\t\t\t\t\t\t\t\t\t\t<\/div>\n\t\t\t\t\t\t\t\t\t\t\t\t<div class=\"premium-carousel-template item-wrapper\" >\n\t\t\t\t\t\t\t\n\t\t\t\t\t\t\t\t\t\t\t\t\t\t\t\t\t\t<img decoding=\"async\" src=\"https:\/\/eugwy3wg97r.exactdn.com\/wp-content\/uploads\/2026\/02\/rocktos-01.webp?strip=all\" alt=\"rocktos-01\">\n\t\t\t\t\t\t\t\t\t\t\t\t\t\t\t\t\t\t\n\t\t\t\t\t\t\t\t\t\t\t\t\t<\/div>\n\t\t\t\t\t\t\t\t\t\t\t\t<div class=\"premium-carousel-template item-wrapper\" >\n\t\t\t\t\t\t\t\n\t\t\t\t\t\t\t\t\t\t\t\t\t\t\t\t\t\t<img decoding=\"async\" src=\"https:\/\/eugwy3wg97r.exactdn.com\/wp-content\/uploads\/2026\/02\/RAPIDO2.webp?strip=all\" alt=\"RAPIDO2\">\n\t\t\t\t\t\t\t\t\t\t\t\t\t\t\t\t\t\t\n\t\t\t\t\t\t\t\t\t\t\t\t\t<\/div>\n\t\t\t\t\t\t\t\t\t\t\t\t<div class=\"premium-carousel-template item-wrapper\" >\n\t\t\t\t\t\t\t\n\t\t\t\t\t\t\t\t\t\t\t\t\t\t\t\t\t\t<img decoding=\"async\" src=\"https:\/\/eugwy3wg97r.exactdn.com\/wp-content\/uploads\/2026\/02\/patixo-02.webp?strip=all\" alt=\"patixo-02\">\n\t\t\t\t\t\t\t\t\t\t\t\t\t\t\t\t\t\t\n\t\t\t\t\t\t\t\t\t\t\t\t\t<\/div>\n\t\t\t\t\t\t\t\t\t\t\t\t<div class=\"premium-carousel-template item-wrapper\" >\n\t\t\t\t\t\t\t\n\t\t\t\t\t\t\t\t\t\t\t\t\t\t\t\t\t\t<img decoding=\"async\" src=\"https:\/\/eugwy3wg97r.exactdn.com\/wp-content\/uploads\/2026\/02\/patixo-2.webp?strip=all\" alt=\"patixo-2\">\n\t\t\t\t\t\t\t\t\t\t\t\t\t\t\t\t\t\t\n\t\t\t\t\t\t\t\t\t\t\t\t\t<\/div>\n\t\t\t\t\t\t\t\t\t\t\t\t<div class=\"premium-carousel-template item-wrapper\" >\n\t\t\t\t\t\t\t\n\t\t\t\t\t\t\t\t\t\t\t\t\t\t\t\t\t\t<img decoding=\"async\" src=\"https:\/\/eugwy3wg97r.exactdn.com\/wp-content\/uploads\/2026\/02\/rabido-01.webp?strip=all\" alt=\"rabido-01\">\n\t\t\t\t\t\t\t\t\t\t\t\t\t\t\t\t\t\t\n\t\t\t\t\t\t\t\t\t\t\t\t\t<\/div>\n\t\t\t\t\t\t\t\t\t\t\t\t<div class=\"premium-carousel-template item-wrapper\" >\n\t\t\t\t\t\t\t\n\t\t\t\t\t\t\t\t\t\t\t\t\t\t\t\t\t\t<img decoding=\"async\" src=\"https:\/\/eugwy3wg97r.exactdn.com\/wp-content\/uploads\/2026\/02\/rabido-02.webp?strip=all\" alt=\"rabido-02\">\n\t\t\t\t\t\t\t\t\t\t\t\t\t\t\t\t\t\t\n\t\t\t\t\t\t\t\t\t\t\t\t\t<\/div>\n\t\t\t\t\t\t\t\t\t\t\t\t<div class=\"premium-carousel-template item-wrapper\" >\n\t\t\t\t\t\t\t\n\t\t\t\t\t\t\t\t\t\t\t\t\t\t\t\t\t\t<img decoding=\"async\" src=\"https:\/\/eugwy3wg97r.exactdn.com\/wp-content\/uploads\/2026\/02\/rabido-03.webp?strip=all\" alt=\"rabido-03\">\n\t\t\t\t\t\t\t\t\t\t\t\t\t\t\t\t\t\t\n\t\t\t\t\t\t\t\t\t\t\t\t\t<\/div>\n\t\t\t\t\t\t\t\t\t\t\t\t<div class=\"premium-carousel-template item-wrapper\" >\n\t\t\t\t\t\t\t\n\t\t\t\t\t\t\t\t\t\t\t\t\t\t\t\t\t\t<img decoding=\"async\" src=\"https:\/\/eugwy3wg97r.exactdn.com\/wp-content\/uploads\/2026\/02\/RAPIDO1.webp?strip=all\" alt=\"RAPIDO1\">\n\t\t\t\t\t\t\t\t\t\t\t\t\t\t\t\t\t\t\n\t\t\t\t\t\t\t\t\t\t\t\t\t<\/div>\n\t\t\t\t\t\t\t\t\t\t\t\t<div class=\"premium-carousel-template item-wrapper\" >\n\t\t\t\t\t\t\t\n\t\t\t\t\t\t\t\t\t\t\t\t\t\t\t\t\t\t<img decoding=\"async\" src=\"https:\/\/eugwy3wg97r.exactdn.com\/wp-content\/uploads\/2026\/02\/patixo1.webp?strip=all\" alt=\"patixo1\">\n\t\t\t\t\t\t\t\t\t\t\t\t\t\t\t\t\t\t\n\t\t\t\t\t\t\t\t\t\t\t\t\t<\/div>\n\t\t\t\t\t\t\t\t\t\t\t\t<div class=\"premium-carousel-template item-wrapper\" >\n\t\t\t\t\t\t\t\n\t\t\t\t\t\t\t\t\t\t\t\t\t\t\t\t\t\t<img decoding=\"async\" src=\"https:\/\/eugwy3wg97r.exactdn.com\/wp-content\/uploads\/2026\/02\/patixo-01.webp?strip=all\" alt=\"patixo-01\">\n\t\t\t\t\t\t\t\t\t\t\t\t\t\t\t\t\t\t\n\t\t\t\t\t\t\t\t\t\t\t\t\t<\/div>\n\t\t\t\t\t\t\t\t\t<\/div>\n\n\t\t\t\n\t\t\t\n\t\t\t\t\t<\/div>\n\t\t\t\t\t\t<\/div>\n\t\t\t\t<\/div>\n\t\t\t\t\t<\/div>\n\t\t\t\t<\/div>\n\t\t<div class=\"elementor-element elementor-element-b3d5bda e-flex e-con-boxed e-con e-parent\" data-id=\"b3d5bda\" data-element_type=\"container\">\n\t\t\t\t\t<div class=\"e-con-inner\">\n\t\t\t\t<div class=\"elementor-element elementor-element-4c67c1e premium-lq__none elementor-widget elementor-widget-premium-addon-button\" data-id=\"4c67c1e\" data-element_type=\"widget\" data-widget_type=\"premium-addon-button.default\">\n\t\t\t\t<div class=\"elementor-widget-container\">\n\t\t\t\t\t\n\n\t\t<a class=\"premium-button premium-button-none premium-btn-lg premium-button-none\" href=\"https:\/\/wa.me\/905393264716?text=\u0645\u0631\u062d\u0628\u0627\u064b\u060c%20\u0634\u0627\u0647\u062f\u062a%20\u0625\u0639\u0644\u0627\u0646%20MJ%20COMPANY%20\u0639\u0644\u0649%20\u064a\u0648\u062a\u064a\u0648\u0628%20\u0648\u0623\u0631\u063a\u0628%20\u0628\u0627\u0644\u062d\u0635\u0648\u0644%20\u0639\u0644\u0649%20\u0645\u0639\u0644\u0648\u0645\u0627\u062a%20\u062d\u0648\u0644%20\u0627\u0644\u0623\u0633\u0639\u0627\u0631%20\u0648\u062e\u064a\u0627\u0631\u0627\u062a%20\u0627\u0644\u062a\u0648\u0632\u064a\u0639.%20Detaylar\u0131%20payla\u015fabilir%20misiniz?%20Te\u015fekk\u00fcr%20ederim\" target=\"_blank\" rel=\"noopener\">\n\t\t\t<div class=\"premium-button-text-icon-wrapper\">\n\t\t\t\t\n\t\t\t\t\t\t\t\t\t<span >\n\t\t\t\t\t\tWhatsApp \u00fczerinden hemen bize yaz\u0131n\t\t\t\t\t<\/span>\n\t\t\t\t\t\t\t<\/div>\n\n\t\t\t\n\t\t\t\n\t\t\t\n\t\t<\/a>\n\n\n\t\t\t\t\t\t<\/div>\n\t\t\t\t<\/div>\n\t\t\t\t\t<\/div>\n\t\t\t\t<\/div>\n\t\t\t\t<\/div>\n\t\t","protected":false},"excerpt":{"rendered":"<p>Ho\u015f Geldiniz MJ COMPANY Videomuzu izledikten sonra g\u00f6sterdi\u011finiz ilgi i\u00e7in te\u015fekk\u00fcr ederiz. Fiyatlar, distrib\u00fct\u00f6rl\u00fck veya detayl\u0131 bilgi i\u00e7in ekibimiz sizinle ileti\u015fime haz\u0131r. WhatsApp \u00fczerinden hemen bize yaz\u0131n WhatsApp \u00fczerinden hemen bize yaz\u0131n<\/p>\n","protected":false},"author":1,"featured_media":0,"parent":0,"menu_order":0,"comment_status":"closed","ping_status":"closed","template":"elementor_canvas","meta":{"_acf_changed":false,"footnotes":""},"class_list":["post-5133","page","type-page","status-publish","hentry"],"acf":[],"_links":{"self":[{"href":"https:\/\/mjh-chips.com\/tr\/wp-json\/wp\/v2\/pages\/5133","targetHints":{"allow":["GET"]}}],"collection":[{"href":"https:\/\/mjh-chips.com\/tr\/wp-json\/wp\/v2\/pages"}],"about":[{"href":"https:\/\/mjh-chips.com\/tr\/wp-json\/wp\/v2\/types\/page"}],"author":[{"embeddable":true,"href":"https:\/\/mjh-chips.com\/tr\/wp-json\/wp\/v2\/users\/1"}],"replies":[{"embeddable":true,"href":"https:\/\/mjh-chips.com\/tr\/wp-json\/wp\/v2\/comments?post=5133"}],"version-history":[{"count":1,"href":"https:\/\/mjh-chips.com\/tr\/wp-json\/wp\/v2\/pages\/5133\/revisions"}],"predecessor-version":[{"id":5135,"href":"https:\/\/mjh-chips.com\/tr\/wp-json\/wp\/v2\/pages\/5133\/revisions\/5135"}],"wp:attachment":[{"href":"https:\/\/mjh-chips.com\/tr\/wp-json\/wp\/v2\/media?parent=5133"}],"curies":[{"name":"wp","href":"https:\/\/api.w.org\/{rel}","templated":true}]}}