{"id":3985,"date":"2024-09-03T05:19:14","date_gmt":"2024-09-03T05:19:14","guid":{"rendered":"https:\/\/mjh-chips.com\/%d8%b1%d9%8a%d8%aa%d8%b4\/"},"modified":"2026-02-11T15:27:05","modified_gmt":"2026-02-11T15:27:05","slug":"rich","status":"publish","type":"page","link":"https:\/\/mjh-chips.com\/tr\/rich\/","title":{"rendered":"Rich"},"content":{"rendered":"\t\t<div data-elementor-type=\"wp-page\" data-elementor-id=\"3985\" class=\"elementor elementor-3985 elementor-3939\" data-elementor-post-type=\"page\">\n\t\t\t\t<div class=\"elementor-element elementor-element-111c9c1 e-con-full e-flex e-con e-parent\" data-id=\"111c9c1\" data-element_type=\"container\" data-settings=\"{&quot;background_background&quot;:&quot;classic&quot;}\">\n\t\t\t\t<div class=\"elementor-element elementor-element-b254231 animated-fast elementor-invisible elementor-widget elementor-widget-heading\" data-id=\"b254231\" data-element_type=\"widget\" data-settings=\"{&quot;_animation&quot;:&quot;zoomIn&quot;}\" data-widget_type=\"heading.default\">\n\t\t\t\t<div class=\"elementor-widget-container\">\n\t\t\t\t\t<h2 class=\"elementor-heading-title elementor-size-default\">Rich<\/h2>\t\t\t\t<\/div>\n\t\t\t\t<\/div>\n\t\t\t\t<div class=\"elementor-element elementor-element-761ffda animated-fast elementor-invisible elementor-widget elementor-widget-heading\" data-id=\"761ffda\" data-element_type=\"widget\" data-settings=\"{&quot;_animation&quot;:&quot;zoomIn&quot;,&quot;_animation_delay&quot;:300}\" data-widget_type=\"heading.default\">\n\t\t\t\t<div class=\"elementor-widget-container\">\n\t\t\t\t\t<h2 class=\"elementor-heading-title elementor-size-default\">\u0631\u064a\u062a\u0634<\/h2>\t\t\t\t<\/div>\n\t\t\t\t<\/div>\n\t\t\t\t<div class=\"elementor-element elementor-element-fdd90c7 elementor-widget-mobile__width-initial animated-fast elementor-invisible elementor-widget elementor-widget-heading\" data-id=\"fdd90c7\" data-element_type=\"widget\" data-settings=\"{&quot;_animation&quot;:&quot;fadeInUp&quot;,&quot;_animation_delay&quot;:600}\" data-widget_type=\"heading.default\">\n\t\t\t\t<div class=\"elementor-widget-container\">\n\t\t\t\t\t<p class=\"elementor-heading-title elementor-size-default\">Rich protein a\u00e7\u0131s\u0131ndan zengin \u00e7ubuklar <br> ile lezzetli bir tat ke\u015ffedin<\/p>\t\t\t\t<\/div>\n\t\t\t\t<\/div>\n\t\t\t\t<\/div>\n\t\t<div class=\"elementor-element elementor-element-eae1793 e-flex e-con-boxed e-con e-parent\" data-id=\"eae1793\" data-element_type=\"container\" data-settings=\"{&quot;background_background&quot;:&quot;classic&quot;}\">\n\t\t\t\t\t<div class=\"e-con-inner\">\n\t\t<div class=\"elementor-element elementor-element-d02c246 e-flex e-con-boxed e-con e-child\" data-id=\"d02c246\" data-element_type=\"container\" data-settings=\"{&quot;background_background&quot;:&quot;gradient&quot;}\">\n\t\t\t\t\t<div class=\"e-con-inner\">\n\t\t\t\t<div class=\"elementor-element elementor-element-186512e elementor-invisible elementor-widget elementor-widget-heading\" data-id=\"186512e\" data-element_type=\"widget\" data-settings=\"{&quot;_animation&quot;:&quot;fadeInRight&quot;}\" data-widget_type=\"heading.default\">\n\t\t\t\t<div class=\"elementor-widget-container\">\n\t\t\t\t\t<h2 class=\"elementor-heading-title elementor-size-default\">Do\u011fal protein a\u00e7\u0131s\u0131ndan zengin i\u00e7eriklerle yap\u0131lan lezzetli ve besleyici RICH \u00fcr\u00fcn\u00fcn\u00fc ke\u015ffedin. Tah\u0131l ve baklagiller kar\u0131\u015f\u0131m\u0131 ile sa\u011fl\u0131kl\u0131 at\u0131\u015ft\u0131rmal\u0131k sevenler i\u00e7in m\u00fckemmel bir se\u00e7im.Her bir RICH \u00e7ubu\u011fu, g\u00fcvenilir y\u00fcksek kalite ile e\u015fsiz bir tat deneyimi sunar. T\u00fcm g\u00fcn tok ve enerjik hissetmenizi sa\u011flayan lezzetli tat ve besin faydalar\u0131n\u0131n keyfini \u00e7\u0131kar\u0131n.<\/h2>\t\t\t\t<\/div>\n\t\t\t\t<\/div>\n\t\t\t\t<div class=\"elementor-element elementor-element-c8cb0dd elementor-invisible elementor-widget elementor-widget-button\" data-id=\"c8cb0dd\" data-element_type=\"widget\" data-settings=\"{&quot;_animation&quot;:&quot;fadeInUp&quot;}\" data-widget_type=\"button.default\">\n\t\t\t\t<div class=\"elementor-widget-container\">\n\t\t\t\t\t\t\t\t\t<div class=\"elementor-button-wrapper\">\n\t\t\t\t\t<a class=\"elementor-button elementor-button-link elementor-size-sm\" href=\"https:\/\/mjh-chips.com\/wp-content\/uploads\/2026\/02\/RICH_2026.pdf\" target=\"_blank\">\n\t\t\t\t\t\t<span class=\"elementor-button-content-wrapper\">\n\t\t\t\t\t\t<span class=\"elementor-button-icon\">\n\t\t\t\t<svg aria-hidden=\"true\" class=\"e-font-icon-svg e-far-file-pdf\" viewBox=\"0 0 384 512\" xmlns=\"http:\/\/www.w3.org\/2000\/svg\"><path d=\"M369.9 97.9L286 14C277 5 264.8-.1 252.1-.1H48C21.5 0 0 21.5 0 48v416c0 26.5 21.5 48 48 48h288c26.5 0 48-21.5 48-48V131.9c0-12.7-5.1-25-14.1-34zM332.1 128H256V51.9l76.1 76.1zM48 464V48h160v104c0 13.3 10.7 24 24 24h104v288H48zm250.2-143.7c-12.2-12-47-8.7-64.4-6.5-17.2-10.5-28.7-25-36.8-46.3 3.9-16.1 10.1-40.6 5.4-56-4.2-26.2-37.8-23.6-42.6-5.9-4.4 16.1-.4 38.5 7 67.1-10 23.9-24.9 56-35.4 74.4-20 10.3-47 26.2-51 46.2-3.3 15.8 26 55.2 76.1-31.2 22.4-7.4 46.8-16.5 68.4-20.1 18.9 10.2 41 17 55.8 17 25.5 0 28-28.2 17.5-38.7zm-198.1 77.8c5.1-13.7 24.5-29.5 30.4-35-19 30.3-30.4 35.7-30.4 35zm81.6-190.6c7.4 0 6.7 32.1 1.8 40.8-4.4-13.9-4.3-40.8-1.8-40.8zm-24.4 136.6c9.7-16.9 18-37 24.7-54.7 8.3 15.1 18.9 27.2 30.1 35.5-20.8 4.3-38.9 13.1-54.8 19.2zm131.6-5s-5 6-37.3-7.8c35.1-2.6 40.9 5.4 37.3 7.8z\"><\/path><\/svg>\t\t\t<\/span>\n\t\t\t\t\t\t\t\t\t<span class=\"elementor-button-text\">Katalo\u011fu indirin<\/span>\n\t\t\t\t\t<\/span>\n\t\t\t\t\t<\/a>\n\t\t\t\t<\/div>\n\t\t\t\t\t\t\t\t<\/div>\n\t\t\t\t<\/div>\n\t\t\t\t\t<\/div>\n\t\t\t\t<\/div>\n\t\t\t\t\t<\/div>\n\t\t\t\t<\/div>\n\t\t<div class=\"elementor-element elementor-element-0f12613 e-flex e-con-boxed e-con e-parent\" data-id=\"0f12613\" data-element_type=\"container\">\n\t\t\t\t\t<div class=\"e-con-inner\">\n\t\t\t\t<div class=\"elementor-element elementor-element-e6169b1 elementor-grid-3 elementor-grid-tablet-2 elementor-grid-mobile-1 elementor-invisible elementor-widget elementor-widget-loop-grid\" data-id=\"e6169b1\" data-element_type=\"widget\" data-settings=\"{&quot;template_id&quot;:1014,&quot;_animation&quot;:&quot;fadeIn&quot;,&quot;row_gap&quot;:{&quot;unit&quot;:&quot;px&quot;,&quot;size&quot;:20,&quot;sizes&quot;:[]},&quot;_skin&quot;:&quot;post&quot;,&quot;columns&quot;:&quot;3&quot;,&quot;columns_tablet&quot;:&quot;2&quot;,&quot;columns_mobile&quot;:&quot;1&quot;,&quot;edit_handle_selector&quot;:&quot;[data-elementor-type=\\&quot;loop-item\\&quot;]&quot;,&quot;row_gap_tablet&quot;:{&quot;unit&quot;:&quot;px&quot;,&quot;size&quot;:&quot;&quot;,&quot;sizes&quot;:[]},&quot;row_gap_mobile&quot;:{&quot;unit&quot;:&quot;px&quot;,&quot;size&quot;:&quot;&quot;,&quot;sizes&quot;:[]}}\" data-widget_type=\"loop-grid.post\">\n\t\t\t\t<div class=\"elementor-widget-container\">\n\t\t\t\t\t\t\t<div class=\"elementor-loop-container elementor-grid\" role=\"list\">\n\t\t<style id=\"loop-1014\">.elementor-widget-container.premium-cursor-ftext .premium-global-cursor-{{ID}} .premium-cursor-follow-text{font-family:var( --e-global-typography-primary-font-family ), Sans-serif;font-weight:var( --e-global-typography-primary-font-weight );}.elementor-widget-container .premium-global-cursor-{{ID}}{color:var( --e-global-color-primary );fill:var( --e-global-color-primary );}.elementor-widget-container .premium-global-badge-{{ID}} .premium-badge-text{color:var( --e-global-color-secondary );}.elementor-widget-container:not(.premium-gbadge-custom) .premium-global-badge-{{ID}} .premium-badge-container, .elementor-widget-container.premium-gbadge-custom .premium-global-badge-{{ID}} .premium-badge-container{background-color:var( --e-global-color-primary );}.elementor-widget-container .premium-global-badge-{{ID}} .premium-badge-icon{color:var( --e-global-color-secondary );fill:var( --e-global-color-secondary );}.elementor-1014 .elementor-element.elementor-element-ca3fa7f{--display:flex;--flex-direction:column;--container-widget-width:100%;--container-widget-height:initial;--container-widget-flex-grow:0;--container-widget-align-self:initial;--flex-wrap-mobile:wrap;--gap:0px 0px;--row-gap:0px;--column-gap:0px;}.elementor-widget-image.premium-cursor-ftext .premium-global-cursor-{{ID}} .premium-cursor-follow-text{font-family:var( --e-global-typography-primary-font-family ), Sans-serif;font-weight:var( --e-global-typography-primary-font-weight );}.elementor-widget-image .premium-global-cursor-{{ID}}{color:var( --e-global-color-primary );fill:var( --e-global-color-primary );}.elementor-widget-image .premium-global-badge-{{ID}} .premium-badge-text{color:var( --e-global-color-secondary );}.elementor-widget-image:not(.premium-gbadge-custom) .premium-global-badge-{{ID}} .premium-badge-container, .elementor-widget-image.premium-gbadge-custom .premium-global-badge-{{ID}} .premium-badge-container{background-color:var( --e-global-color-primary );}.elementor-widget-image .premium-global-badge-{{ID}} .premium-badge-icon{color:var( --e-global-color-secondary );fill:var( --e-global-color-secondary );}.elementor-widget-image .widget-image-caption{color:var( --e-global-color-text );font-family:var( --e-global-typography-text-font-family ), Sans-serif;font-weight:var( --e-global-typography-text-font-weight );}.elementor-widget-heading.premium-cursor-ftext .premium-global-cursor-{{ID}} .premium-cursor-follow-text{font-family:var( --e-global-typography-primary-font-family ), Sans-serif;font-weight:var( --e-global-typography-primary-font-weight );}.elementor-widget-heading .premium-global-cursor-{{ID}}{color:var( --e-global-color-primary );fill:var( --e-global-color-primary );}.elementor-widget-heading .premium-global-badge-{{ID}} .premium-badge-text{color:var( --e-global-color-secondary );}.elementor-widget-heading:not(.premium-gbadge-custom) .premium-global-badge-{{ID}} .premium-badge-container, .elementor-widget-heading.premium-gbadge-custom .premium-global-badge-{{ID}} .premium-badge-container{background-color:var( --e-global-color-primary );}.elementor-widget-heading .premium-global-badge-{{ID}} .premium-badge-icon{color:var( --e-global-color-secondary );fill:var( --e-global-color-secondary );}.elementor-widget-heading .elementor-heading-title{font-family:var( --e-global-typography-primary-font-family ), Sans-serif;font-weight:var( --e-global-typography-primary-font-weight );color:var( --e-global-color-primary );}.elementor-1014 .elementor-element.elementor-element-a7496e6 > .elementor-widget-container{background-color:var( --e-global-color-accent );padding:10px 5px 10px 5px;}.elementor-1014 .elementor-element.elementor-element-a7496e6{text-align:center;}.elementor-1014 .elementor-element.elementor-element-a7496e6 .elementor-heading-title{font-family:\"Cairo\", Sans-serif;font-size:18px;font-weight:600;color:#FFFFFF;}<\/style>\t\t<div data-elementor-type=\"loop-item\" data-elementor-id=\"1014\" class=\"elementor elementor-1014 e-loop-item e-loop-item-3977 post-3977 marka-category type-marka-category status-publish has-post-thumbnail hentry type-category-rich-tr\" data-elementor-post-type=\"elementor_library\" data-custom-edit-handle=\"1\">\n\t\t\t<div class=\"elementor-element elementor-element-ca3fa7f e-flex e-con-boxed e-con e-parent\" data-id=\"ca3fa7f\" data-element_type=\"container\">\n\t\t\t\t\t<div class=\"e-con-inner\">\n\t\t\t\t<div class=\"elementor-element elementor-element-e16f563 elementor-widget elementor-widget-image\" data-id=\"e16f563\" data-element_type=\"widget\" data-widget_type=\"image.default\">\n\t\t\t\t<div class=\"elementor-widget-container\">\n\t\t\t\t\t\t\t\t\t\t\t\t\t\t\t\t<a href=\"https:\/\/mjh-chips.com\/tr\/marka-category\/rich-patates-cubuklari\/\">\n\t\t\t\t\t\t\t<img fetchpriority=\"high\" decoding=\"async\" width=\"595\" height=\"581\" src=\"https:\/\/eugwy3wg97r.exactdn.com\/wp-content\/uploads\/2024\/09\/6.webp?strip=all\" class=\"elementor-animation-sink attachment-full size-full wp-image-3979\" alt=\"\" srcset=\"https:\/\/eugwy3wg97r.exactdn.com\/wp-content\/uploads\/2024\/09\/6.webp?strip=all 595w, https:\/\/eugwy3wg97r.exactdn.com\/wp-content\/uploads\/2024\/09\/6-300x293.webp?strip=all 300w, https:\/\/eugwy3wg97r.exactdn.com\/wp-content\/uploads\/2024\/09\/6.webp?strip=all&amp;w=119 119w, https:\/\/eugwy3wg97r.exactdn.com\/wp-content\/uploads\/2024\/09\/6.webp?strip=all&amp;w=238 238w, https:\/\/eugwy3wg97r.exactdn.com\/wp-content\/uploads\/2024\/09\/6.webp?strip=all&amp;w=357 357w, https:\/\/eugwy3wg97r.exactdn.com\/wp-content\/uploads\/2024\/09\/6.webp?strip=all&amp;w=476 476w\" sizes=\"(max-width: 595px) 100vw, 595px\" \/>\t\t\t\t\t\t\t\t<\/a>\n\t\t\t\t\t\t\t\t\t\t\t\t\t\t\t<\/div>\n\t\t\t\t<\/div>\n\t\t\t\t<div class=\"elementor-element elementor-element-a7496e6 elementor-widget elementor-widget-heading\" data-id=\"a7496e6\" data-element_type=\"widget\" data-widget_type=\"heading.default\">\n\t\t\t\t<div class=\"elementor-widget-container\">\n\t\t\t\t\t<h4 class=\"elementor-heading-title elementor-size-default\"><a href=\"https:\/\/mjh-chips.com\/tr\/marka-category\/rich-patates-cubuklari\/\">RICH Patates \u00c7ubuklar\u0131<\/a><\/h4>\t\t\t\t<\/div>\n\t\t\t\t<\/div>\n\t\t\t\t\t<\/div>\n\t\t\t\t<\/div>\n\t\t\t\t<\/div>\n\t\t\t\t<\/div>\n\t\t\n\t\t\t\t\t\t<\/div>\n\t\t\t\t<\/div>\n\t\t\t\t\t<\/div>\n\t\t\t\t<\/div>\n\t\t\t\t<\/div>\n\t\t","protected":false},"excerpt":{"rendered":"<p>Rich \u0631\u064a\u062a\u0634 Rich protein a\u00e7\u0131s\u0131ndan zengin \u00e7ubuklar ile lezzetli bir tat ke\u015ffedin Do\u011fal protein a\u00e7\u0131s\u0131ndan zengin i\u00e7eriklerle yap\u0131lan lezzetli ve besleyici RICH \u00fcr\u00fcn\u00fcn\u00fc ke\u015ffedin. Tah\u0131l ve baklagiller kar\u0131\u015f\u0131m\u0131 ile sa\u011fl\u0131kl\u0131 at\u0131\u015ft\u0131rmal\u0131k sevenler i\u00e7in m\u00fckemmel bir se\u00e7im.Her bir RICH \u00e7ubu\u011fu, g\u00fcvenilir y\u00fcksek kalite ile e\u015fsiz bir tat deneyimi sunar. T\u00fcm g\u00fcn tok ve enerjik hissetmenizi sa\u011flayan [&hellip;]<\/p>\n","protected":false},"author":1,"featured_media":0,"parent":0,"menu_order":0,"comment_status":"closed","ping_status":"closed","template":"elementor_header_footer","meta":{"_acf_changed":false,"footnotes":""},"class_list":["post-3985","page","type-page","status-publish","hentry"],"acf":[],"_links":{"self":[{"href":"https:\/\/mjh-chips.com\/tr\/wp-json\/wp\/v2\/pages\/3985","targetHints":{"allow":["GET"]}}],"collection":[{"href":"https:\/\/mjh-chips.com\/tr\/wp-json\/wp\/v2\/pages"}],"about":[{"href":"https:\/\/mjh-chips.com\/tr\/wp-json\/wp\/v2\/types\/page"}],"author":[{"embeddable":true,"href":"https:\/\/mjh-chips.com\/tr\/wp-json\/wp\/v2\/users\/1"}],"replies":[{"embeddable":true,"href":"https:\/\/mjh-chips.com\/tr\/wp-json\/wp\/v2\/comments?post=3985"}],"version-history":[{"count":13,"href":"https:\/\/mjh-chips.com\/tr\/wp-json\/wp\/v2\/pages\/3985\/revisions"}],"predecessor-version":[{"id":5005,"href":"https:\/\/mjh-chips.com\/tr\/wp-json\/wp\/v2\/pages\/3985\/revisions\/5005"}],"wp:attachment":[{"href":"https:\/\/mjh-chips.com\/tr\/wp-json\/wp\/v2\/media?parent=3985"}],"curies":[{"name":"wp","href":"https:\/\/api.w.org\/{rel}","templated":true}]}}