{"id":2954,"date":"2023-08-27T17:18:40","date_gmt":"2023-08-27T17:18:40","guid":{"rendered":"https:\/\/mjh-chips.com\/batixo\/"},"modified":"2026-02-11T14:56:57","modified_gmt":"2026-02-11T14:56:57","slug":"batixo","status":"publish","type":"page","link":"https:\/\/mjh-chips.com\/tr\/batixo\/","title":{"rendered":"PATIXO"},"content":{"rendered":"\t\t<div data-elementor-type=\"wp-page\" data-elementor-id=\"2954\" class=\"elementor elementor-2954 elementor-1198\" data-elementor-post-type=\"page\">\n\t\t\t\t<div class=\"elementor-element elementor-element-640518e e-con-full e-flex e-con e-parent\" data-id=\"640518e\" data-element_type=\"container\" data-settings=\"{&quot;background_background&quot;:&quot;classic&quot;}\">\n\t\t\t\t<div class=\"elementor-element elementor-element-991131f animated-fast elementor-hidden-mobile elementor-invisible elementor-widget elementor-widget-heading\" data-id=\"991131f\" data-element_type=\"widget\" data-settings=\"{&quot;_animation&quot;:&quot;zoomIn&quot;}\" data-widget_type=\"heading.default\">\n\t\t\t\t<div class=\"elementor-widget-container\">\n\t\t\t\t\t<h2 class=\"elementor-heading-title elementor-size-default\">PATIXO<\/h2>\t\t\t\t<\/div>\n\t\t\t\t<\/div>\n\t\t\t\t<div class=\"elementor-element elementor-element-e11ef74 elementor-widget-mobile__width-initial animated-fast elementor-hidden-mobile elementor-invisible elementor-widget elementor-widget-heading\" data-id=\"e11ef74\" data-element_type=\"widget\" data-settings=\"{&quot;_animation&quot;:&quot;fadeInUp&quot;,&quot;_animation_delay&quot;:600}\" data-widget_type=\"heading.default\">\n\t\t\t\t<div class=\"elementor-widget-container\">\n\t\t\t\t\t<p class=\"elementor-heading-title elementor-size-default\">Y\u00fcksek kaliteli Patixo \u00fcr\u00fcnleri <br>ile harika tatlar\u0131 ke\u015ffedin<\/p>\t\t\t\t<\/div>\n\t\t\t\t<\/div>\n\t\t\t\t<\/div>\n\t\t<div class=\"elementor-element elementor-element-ca3a3a3 e-flex e-con-boxed e-con e-parent\" data-id=\"ca3a3a3\" data-element_type=\"container\" data-settings=\"{&quot;background_background&quot;:&quot;gradient&quot;}\">\n\t\t\t\t\t<div class=\"e-con-inner\">\n\t\t\t\t<div class=\"elementor-element elementor-element-4d5b9a5b elementor-invisible elementor-widget elementor-widget-heading\" data-id=\"4d5b9a5b\" data-element_type=\"widget\" data-settings=\"{&quot;_animation&quot;:&quot;fadeInRight&quot;}\" data-widget_type=\"heading.default\">\n\t\t\t\t<div class=\"elementor-widget-container\">\n\t\t\t\t\t<h2 class=\"elementor-heading-title elementor-size-default\">Patixo, cips d\u00fcnyas\u0131ndaki tan\u0131nm\u0131\u015f marka, do\u011fay\u0131 ve \u00e7e\u015fitli lezzetleri bir araya getiren benzersiz bir deneyim sunar. Do\u011fal malzemeler kullan\u0131r ve \u00fcr\u00fcn kalitesi ile sa\u011fl\u0131k konusunda her zaman m\u00fckemmeliyeti hedefler. Geleneksel ve yenilik\u00e7i lezzetler sunarak tat merakl\u0131lar\u0131 i\u00e7in ideal bir destinasyon haline gelir. Patixo tat ve kaliteyi bir araya getirir, deneyimleri ve gelecek vizyonu arac\u0131l\u0131\u011f\u0131yla evrimi hedefler.\n<\/h2>\t\t\t\t<\/div>\n\t\t\t\t<\/div>\n\t\t\t\t<div class=\"elementor-element elementor-element-111c18ad elementor-invisible elementor-widget elementor-widget-button\" data-id=\"111c18ad\" data-element_type=\"widget\" data-settings=\"{&quot;_animation&quot;:&quot;fadeInUp&quot;}\" data-widget_type=\"button.default\">\n\t\t\t\t<div class=\"elementor-widget-container\">\n\t\t\t\t\t\t\t\t\t<div class=\"elementor-button-wrapper\">\n\t\t\t\t\t<a class=\"elementor-button elementor-button-link elementor-size-sm\" href=\"https:\/\/mjh-chips.com\/wp-content\/uploads\/2026\/02\/PATIXO.pdf\" target=\"_blank\">\n\t\t\t\t\t\t<span class=\"elementor-button-content-wrapper\">\n\t\t\t\t\t\t<span class=\"elementor-button-icon\">\n\t\t\t\t<svg aria-hidden=\"true\" class=\"e-font-icon-svg e-far-file-pdf\" viewBox=\"0 0 384 512\" xmlns=\"http:\/\/www.w3.org\/2000\/svg\"><path d=\"M369.9 97.9L286 14C277 5 264.8-.1 252.1-.1H48C21.5 0 0 21.5 0 48v416c0 26.5 21.5 48 48 48h288c26.5 0 48-21.5 48-48V131.9c0-12.7-5.1-25-14.1-34zM332.1 128H256V51.9l76.1 76.1zM48 464V48h160v104c0 13.3 10.7 24 24 24h104v288H48zm250.2-143.7c-12.2-12-47-8.7-64.4-6.5-17.2-10.5-28.7-25-36.8-46.3 3.9-16.1 10.1-40.6 5.4-56-4.2-26.2-37.8-23.6-42.6-5.9-4.4 16.1-.4 38.5 7 67.1-10 23.9-24.9 56-35.4 74.4-20 10.3-47 26.2-51 46.2-3.3 15.8 26 55.2 76.1-31.2 22.4-7.4 46.8-16.5 68.4-20.1 18.9 10.2 41 17 55.8 17 25.5 0 28-28.2 17.5-38.7zm-198.1 77.8c5.1-13.7 24.5-29.5 30.4-35-19 30.3-30.4 35.7-30.4 35zm81.6-190.6c7.4 0 6.7 32.1 1.8 40.8-4.4-13.9-4.3-40.8-1.8-40.8zm-24.4 136.6c9.7-16.9 18-37 24.7-54.7 8.3 15.1 18.9 27.2 30.1 35.5-20.8 4.3-38.9 13.1-54.8 19.2zm131.6-5s-5 6-37.3-7.8c35.1-2.6 40.9 5.4 37.3 7.8z\"><\/path><\/svg>\t\t\t<\/span>\n\t\t\t\t\t\t\t\t\t<span class=\"elementor-button-text\">Katalo\u011fu indirin<\/span>\n\t\t\t\t\t<\/span>\n\t\t\t\t\t<\/a>\n\t\t\t\t<\/div>\n\t\t\t\t\t\t\t\t<\/div>\n\t\t\t\t<\/div>\n\t\t\t\t\t<\/div>\n\t\t\t\t<\/div>\n\t\t<div class=\"elementor-element elementor-element-75ac915d e-flex e-con-boxed e-con e-parent\" data-id=\"75ac915d\" data-element_type=\"container\">\n\t\t\t\t\t<div class=\"e-con-inner\">\n\t\t\t\t<div class=\"elementor-element elementor-element-3730ebdb elementor-grid-3 elementor-grid-tablet-2 elementor-grid-mobile-1 elementor-invisible elementor-widget elementor-widget-loop-grid\" data-id=\"3730ebdb\" data-element_type=\"widget\" data-settings=\"{&quot;template_id&quot;:1204,&quot;_animation&quot;:&quot;fadeIn&quot;,&quot;row_gap&quot;:{&quot;unit&quot;:&quot;px&quot;,&quot;size&quot;:20,&quot;sizes&quot;:[]},&quot;_skin&quot;:&quot;post&quot;,&quot;columns&quot;:&quot;3&quot;,&quot;columns_tablet&quot;:&quot;2&quot;,&quot;columns_mobile&quot;:&quot;1&quot;,&quot;edit_handle_selector&quot;:&quot;[data-elementor-type=\\&quot;loop-item\\&quot;]&quot;,&quot;row_gap_tablet&quot;:{&quot;unit&quot;:&quot;px&quot;,&quot;size&quot;:&quot;&quot;,&quot;sizes&quot;:[]},&quot;row_gap_mobile&quot;:{&quot;unit&quot;:&quot;px&quot;,&quot;size&quot;:&quot;&quot;,&quot;sizes&quot;:[]}}\" data-widget_type=\"loop-grid.post\">\n\t\t\t\t<div class=\"elementor-widget-container\">\n\t\t\t\t\t\t\t<div class=\"elementor-loop-container elementor-grid\" role=\"list\">\n\t\t<style id=\"loop-1204\">.elementor-widget-container.premium-cursor-ftext .premium-global-cursor-{{ID}} .premium-cursor-follow-text{font-family:var( --e-global-typography-primary-font-family ), Sans-serif;font-weight:var( --e-global-typography-primary-font-weight );}.elementor-widget-container .premium-global-cursor-{{ID}}{color:var( --e-global-color-primary );fill:var( --e-global-color-primary );}.elementor-widget-container .premium-global-badge-{{ID}} .premium-badge-text{color:var( --e-global-color-secondary );}.elementor-widget-container:not(.premium-gbadge-custom) .premium-global-badge-{{ID}} .premium-badge-container, .elementor-widget-container.premium-gbadge-custom .premium-global-badge-{{ID}} .premium-badge-container{background-color:var( --e-global-color-primary );}.elementor-widget-container .premium-global-badge-{{ID}} .premium-badge-icon{color:var( --e-global-color-secondary );fill:var( --e-global-color-secondary );}.elementor-1204 .elementor-element.elementor-element-045e7fd{--display:flex;--flex-direction:column;--container-widget-width:100%;--container-widget-height:initial;--container-widget-flex-grow:0;--container-widget-align-self:initial;--flex-wrap-mobile:wrap;--gap:0px 0px;--row-gap:0px;--column-gap:0px;}.elementor-widget-image.premium-cursor-ftext .premium-global-cursor-{{ID}} .premium-cursor-follow-text{font-family:var( --e-global-typography-primary-font-family ), Sans-serif;font-weight:var( --e-global-typography-primary-font-weight );}.elementor-widget-image .premium-global-cursor-{{ID}}{color:var( --e-global-color-primary );fill:var( --e-global-color-primary );}.elementor-widget-image .premium-global-badge-{{ID}} .premium-badge-text{color:var( --e-global-color-secondary );}.elementor-widget-image:not(.premium-gbadge-custom) .premium-global-badge-{{ID}} .premium-badge-container, .elementor-widget-image.premium-gbadge-custom .premium-global-badge-{{ID}} .premium-badge-container{background-color:var( --e-global-color-primary );}.elementor-widget-image .premium-global-badge-{{ID}} .premium-badge-icon{color:var( --e-global-color-secondary );fill:var( --e-global-color-secondary );}.elementor-widget-image .widget-image-caption{color:var( --e-global-color-text );font-family:var( --e-global-typography-text-font-family ), Sans-serif;font-weight:var( --e-global-typography-text-font-weight );}.elementor-widget-heading.premium-cursor-ftext .premium-global-cursor-{{ID}} .premium-cursor-follow-text{font-family:var( --e-global-typography-primary-font-family ), Sans-serif;font-weight:var( --e-global-typography-primary-font-weight );}.elementor-widget-heading .premium-global-cursor-{{ID}}{color:var( --e-global-color-primary );fill:var( --e-global-color-primary );}.elementor-widget-heading .premium-global-badge-{{ID}} .premium-badge-text{color:var( --e-global-color-secondary );}.elementor-widget-heading:not(.premium-gbadge-custom) .premium-global-badge-{{ID}} .premium-badge-container, .elementor-widget-heading.premium-gbadge-custom .premium-global-badge-{{ID}} .premium-badge-container{background-color:var( --e-global-color-primary );}.elementor-widget-heading .premium-global-badge-{{ID}} .premium-badge-icon{color:var( --e-global-color-secondary );fill:var( --e-global-color-secondary );}.elementor-widget-heading .elementor-heading-title{font-family:var( --e-global-typography-primary-font-family ), Sans-serif;font-weight:var( --e-global-typography-primary-font-weight );color:var( --e-global-color-primary );}.elementor-1204 .elementor-element.elementor-element-2b5c8d7 > .elementor-widget-container{background-color:var( --e-global-color-c1d79b9 );padding:10px 5px 10px 5px;}.elementor-1204 .elementor-element.elementor-element-2b5c8d7{text-align:center;}.elementor-1204 .elementor-element.elementor-element-2b5c8d7 .elementor-heading-title{font-family:\"Cairo\", Sans-serif;font-size:18px;font-weight:600;color:#FFFFFF;}<\/style>\t\t<div data-elementor-type=\"loop-item\" data-elementor-id=\"1204\" class=\"elementor elementor-1204 e-loop-item e-loop-item-2608 post-2608 marka-category type-marka-category status-publish has-post-thumbnail hentry type-category-patixo-tr\" data-elementor-post-type=\"elementor_library\" data-custom-edit-handle=\"1\">\n\t\t\t<div class=\"elementor-element elementor-element-045e7fd e-flex e-con-boxed e-con e-parent\" data-id=\"045e7fd\" data-element_type=\"container\">\n\t\t\t\t\t<div class=\"e-con-inner\">\n\t\t\t\t<div class=\"elementor-element elementor-element-7614edf elementor-widget elementor-widget-image\" data-id=\"7614edf\" data-element_type=\"widget\" data-widget_type=\"image.default\">\n\t\t\t\t<div class=\"elementor-widget-container\">\n\t\t\t\t\t\t\t\t\t\t\t\t\t\t\t\t<a href=\"https:\/\/mjh-chips.com\/tr\/marka-category\/patixo-sogan-halkalari\/\">\n\t\t\t\t\t\t\t<img fetchpriority=\"high\" decoding=\"async\" width=\"595\" height=\"581\" src=\"https:\/\/eugwy3wg97r.exactdn.com\/wp-content\/uploads\/2023\/08\/5.webp?strip=all\" class=\"elementor-animation-sink attachment-full size-full wp-image-3873\" alt=\"\" srcset=\"https:\/\/eugwy3wg97r.exactdn.com\/wp-content\/uploads\/2023\/08\/5.webp?strip=all 595w, https:\/\/eugwy3wg97r.exactdn.com\/wp-content\/uploads\/2023\/08\/5-300x293.webp?strip=all 300w, https:\/\/eugwy3wg97r.exactdn.com\/wp-content\/uploads\/2023\/08\/5.webp?strip=all&amp;w=119 119w, https:\/\/eugwy3wg97r.exactdn.com\/wp-content\/uploads\/2023\/08\/5.webp?strip=all&amp;w=238 238w, https:\/\/eugwy3wg97r.exactdn.com\/wp-content\/uploads\/2023\/08\/5.webp?strip=all&amp;w=357 357w, https:\/\/eugwy3wg97r.exactdn.com\/wp-content\/uploads\/2023\/08\/5.webp?strip=all&amp;w=476 476w\" sizes=\"(max-width: 595px) 100vw, 595px\" \/>\t\t\t\t\t\t\t\t<\/a>\n\t\t\t\t\t\t\t\t\t\t\t\t\t\t\t<\/div>\n\t\t\t\t<\/div>\n\t\t\t\t<div class=\"elementor-element elementor-element-2b5c8d7 elementor-widget elementor-widget-heading\" data-id=\"2b5c8d7\" data-element_type=\"widget\" data-widget_type=\"heading.default\">\n\t\t\t\t<div class=\"elementor-widget-container\">\n\t\t\t\t\t<h4 class=\"elementor-heading-title elementor-size-default\"><a href=\"https:\/\/mjh-chips.com\/tr\/marka-category\/patixo-sogan-halkalari\/\">PATIXO So\u011fan Halkalar\u0131<\/a><\/h4>\t\t\t\t<\/div>\n\t\t\t\t<\/div>\n\t\t\t\t\t<\/div>\n\t\t\t\t<\/div>\n\t\t\t\t<\/div>\n\t\t\t\t<div data-elementor-type=\"loop-item\" data-elementor-id=\"1204\" class=\"elementor elementor-1204 e-loop-item e-loop-item-4527 post-4527 marka-category type-marka-category status-publish has-post-thumbnail hentry type-category-patixo-tr\" data-elementor-post-type=\"elementor_library\" data-custom-edit-handle=\"1\">\n\t\t\t<div class=\"elementor-element elementor-element-045e7fd e-flex e-con-boxed e-con e-parent\" data-id=\"045e7fd\" data-element_type=\"container\">\n\t\t\t\t\t<div class=\"e-con-inner\">\n\t\t\t\t<div class=\"elementor-element elementor-element-7614edf elementor-widget elementor-widget-image\" data-id=\"7614edf\" data-element_type=\"widget\" data-widget_type=\"image.default\">\n\t\t\t\t<div class=\"elementor-widget-container\">\n\t\t\t\t\t\t\t\t\t\t\t\t\t\t\t\t<a href=\"https:\/\/mjh-chips.com\/tr\/marka-category\/patixo-uzay-kulahi-dokme\/\">\n\t\t\t\t\t\t\t<img decoding=\"async\" width=\"595\" height=\"581\" src=\"https:\/\/eugwy3wg97r.exactdn.com\/wp-content\/uploads\/2026\/02\/patixo_cone_bulk_product.webp?strip=all\" class=\"elementor-animation-sink attachment-full size-full wp-image-4525\" alt=\"\" srcset=\"https:\/\/eugwy3wg97r.exactdn.com\/wp-content\/uploads\/2026\/02\/patixo_cone_bulk_product.webp?strip=all 595w, https:\/\/eugwy3wg97r.exactdn.com\/wp-content\/uploads\/2026\/02\/patixo_cone_bulk_product-300x293.webp?strip=all 300w, https:\/\/eugwy3wg97r.exactdn.com\/wp-content\/uploads\/2026\/02\/patixo_cone_bulk_product.webp?strip=all&amp;w=119 119w, https:\/\/eugwy3wg97r.exactdn.com\/wp-content\/uploads\/2026\/02\/patixo_cone_bulk_product.webp?strip=all&amp;w=238 238w, https:\/\/eugwy3wg97r.exactdn.com\/wp-content\/uploads\/2026\/02\/patixo_cone_bulk_product.webp?strip=all&amp;w=357 357w, https:\/\/eugwy3wg97r.exactdn.com\/wp-content\/uploads\/2026\/02\/patixo_cone_bulk_product.webp?strip=all&amp;w=476 476w\" sizes=\"(max-width: 595px) 100vw, 595px\" \/>\t\t\t\t\t\t\t\t<\/a>\n\t\t\t\t\t\t\t\t\t\t\t\t\t\t\t<\/div>\n\t\t\t\t<\/div>\n\t\t\t\t<div class=\"elementor-element elementor-element-2b5c8d7 elementor-widget elementor-widget-heading\" data-id=\"2b5c8d7\" data-element_type=\"widget\" data-widget_type=\"heading.default\">\n\t\t\t\t<div class=\"elementor-widget-container\">\n\t\t\t\t\t<h4 class=\"elementor-heading-title elementor-size-default\"><a href=\"https:\/\/mjh-chips.com\/tr\/marka-category\/patixo-uzay-kulahi-dokme\/\">PATIXO Uzay K\u00fclah\u0131 D\u00f6kme<\/a><\/h4>\t\t\t\t<\/div>\n\t\t\t\t<\/div>\n\t\t\t\t\t<\/div>\n\t\t\t\t<\/div>\n\t\t\t\t<\/div>\n\t\t\t\t<div data-elementor-type=\"loop-item\" data-elementor-id=\"1204\" class=\"elementor elementor-1204 e-loop-item e-loop-item-4539 post-4539 marka-category type-marka-category status-publish has-post-thumbnail hentry type-category-patixo-tr\" data-elementor-post-type=\"elementor_library\" data-custom-edit-handle=\"1\">\n\t\t\t<div class=\"elementor-element elementor-element-045e7fd e-flex e-con-boxed e-con e-parent\" data-id=\"045e7fd\" data-element_type=\"container\">\n\t\t\t\t\t<div class=\"e-con-inner\">\n\t\t\t\t<div class=\"elementor-element elementor-element-7614edf elementor-widget elementor-widget-image\" data-id=\"7614edf\" data-element_type=\"widget\" data-widget_type=\"image.default\">\n\t\t\t\t<div class=\"elementor-widget-container\">\n\t\t\t\t\t\t\t\t\t\t\t\t\t\t\t\t<a href=\"https:\/\/mjh-chips.com\/tr\/marka-category\/patixo-patates-cubuklari-dokme\/\">\n\t\t\t\t\t\t\t<img decoding=\"async\" width=\"595\" height=\"581\" src=\"https:\/\/eugwy3wg97r.exactdn.com\/wp-content\/uploads\/2026\/02\/patixo_sticks_bulk_product.webp?strip=all\" class=\"elementor-animation-sink attachment-full size-full wp-image-4540\" alt=\"\" srcset=\"https:\/\/eugwy3wg97r.exactdn.com\/wp-content\/uploads\/2026\/02\/patixo_sticks_bulk_product.webp?strip=all 595w, https:\/\/eugwy3wg97r.exactdn.com\/wp-content\/uploads\/2026\/02\/patixo_sticks_bulk_product-300x293.webp?strip=all 300w, https:\/\/eugwy3wg97r.exactdn.com\/wp-content\/uploads\/2026\/02\/patixo_sticks_bulk_product.webp?strip=all&amp;w=119 119w, https:\/\/eugwy3wg97r.exactdn.com\/wp-content\/uploads\/2026\/02\/patixo_sticks_bulk_product.webp?strip=all&amp;w=238 238w, https:\/\/eugwy3wg97r.exactdn.com\/wp-content\/uploads\/2026\/02\/patixo_sticks_bulk_product.webp?strip=all&amp;w=357 357w, https:\/\/eugwy3wg97r.exactdn.com\/wp-content\/uploads\/2026\/02\/patixo_sticks_bulk_product.webp?strip=all&amp;w=476 476w\" sizes=\"(max-width: 595px) 100vw, 595px\" \/>\t\t\t\t\t\t\t\t<\/a>\n\t\t\t\t\t\t\t\t\t\t\t\t\t\t\t<\/div>\n\t\t\t\t<\/div>\n\t\t\t\t<div class=\"elementor-element elementor-element-2b5c8d7 elementor-widget elementor-widget-heading\" data-id=\"2b5c8d7\" data-element_type=\"widget\" data-widget_type=\"heading.default\">\n\t\t\t\t<div class=\"elementor-widget-container\">\n\t\t\t\t\t<h4 class=\"elementor-heading-title elementor-size-default\"><a href=\"https:\/\/mjh-chips.com\/tr\/marka-category\/patixo-patates-cubuklari-dokme\/\">PATIXO Patates \u00c7ubuklar\u0131 D\u00f6kme<\/a><\/h4>\t\t\t\t<\/div>\n\t\t\t\t<\/div>\n\t\t\t\t\t<\/div>\n\t\t\t\t<\/div>\n\t\t\t\t<\/div>\n\t\t\t\t<div data-elementor-type=\"loop-item\" data-elementor-id=\"1204\" class=\"elementor elementor-1204 e-loop-item e-loop-item-4552 post-4552 marka-category type-marka-category status-publish has-post-thumbnail hentry type-category-patixo-tr\" data-elementor-post-type=\"elementor_library\" data-custom-edit-handle=\"1\">\n\t\t\t<div class=\"elementor-element elementor-element-045e7fd e-flex e-con-boxed e-con e-parent\" data-id=\"045e7fd\" data-element_type=\"container\">\n\t\t\t\t\t<div class=\"e-con-inner\">\n\t\t\t\t<div class=\"elementor-element elementor-element-7614edf elementor-widget elementor-widget-image\" data-id=\"7614edf\" data-element_type=\"widget\" data-widget_type=\"image.default\">\n\t\t\t\t<div class=\"elementor-widget-container\">\n\t\t\t\t\t\t\t\t\t\t\t\t\t\t\t\t<a href=\"https:\/\/mjh-chips.com\/tr\/marka-category\/patixo-karisik-misir-cipsi-ispanyol-usulu\/\">\n\t\t\t\t\t\t\t<img loading=\"lazy\" decoding=\"async\" width=\"595\" height=\"581\" src=\"https:\/\/eugwy3wg97r.exactdn.com\/wp-content\/uploads\/2026\/02\/patixo_mix_bulk_product.webp?strip=all\" class=\"elementor-animation-sink attachment-full size-full wp-image-4554\" alt=\"\" srcset=\"https:\/\/eugwy3wg97r.exactdn.com\/wp-content\/uploads\/2026\/02\/patixo_mix_bulk_product.webp?strip=all 595w, https:\/\/eugwy3wg97r.exactdn.com\/wp-content\/uploads\/2026\/02\/patixo_mix_bulk_product-300x293.webp?strip=all 300w, https:\/\/eugwy3wg97r.exactdn.com\/wp-content\/uploads\/2026\/02\/patixo_mix_bulk_product.webp?strip=all&amp;w=119 119w, https:\/\/eugwy3wg97r.exactdn.com\/wp-content\/uploads\/2026\/02\/patixo_mix_bulk_product.webp?strip=all&amp;w=238 238w, https:\/\/eugwy3wg97r.exactdn.com\/wp-content\/uploads\/2026\/02\/patixo_mix_bulk_product.webp?strip=all&amp;w=357 357w, https:\/\/eugwy3wg97r.exactdn.com\/wp-content\/uploads\/2026\/02\/patixo_mix_bulk_product.webp?strip=all&amp;w=476 476w\" sizes=\"(max-width: 595px) 100vw, 595px\" \/>\t\t\t\t\t\t\t\t<\/a>\n\t\t\t\t\t\t\t\t\t\t\t\t\t\t\t<\/div>\n\t\t\t\t<\/div>\n\t\t\t\t<div class=\"elementor-element elementor-element-2b5c8d7 elementor-widget elementor-widget-heading\" data-id=\"2b5c8d7\" data-element_type=\"widget\" data-widget_type=\"heading.default\">\n\t\t\t\t<div class=\"elementor-widget-container\">\n\t\t\t\t\t<h4 class=\"elementor-heading-title elementor-size-default\"><a href=\"https:\/\/mjh-chips.com\/tr\/marka-category\/patixo-karisik-misir-cipsi-ispanyol-usulu\/\">PATIXO &#8211; Kar\u0131\u015f\u0131k M\u0131s\u0131r Cipsi \u2013 \u0130spanyol Usul\u00fc<\/a><\/h4>\t\t\t\t<\/div>\n\t\t\t\t<\/div>\n\t\t\t\t\t<\/div>\n\t\t\t\t<\/div>\n\t\t\t\t<\/div>\n\t\t\t\t<\/div>\n\t\t\n\t\t\t\t\t\t<\/div>\n\t\t\t\t<\/div>\n\t\t\t\t\t<\/div>\n\t\t\t\t<\/div>\n\t\t\t\t<\/div>\n\t\t","protected":false},"excerpt":{"rendered":"<p>PATIXO Y\u00fcksek kaliteli Patixo \u00fcr\u00fcnleri ile harika tatlar\u0131 ke\u015ffedin Patixo, cips d\u00fcnyas\u0131ndaki tan\u0131nm\u0131\u015f marka, do\u011fay\u0131 ve \u00e7e\u015fitli lezzetleri bir araya getiren benzersiz bir deneyim sunar. Do\u011fal malzemeler kullan\u0131r ve \u00fcr\u00fcn kalitesi ile sa\u011fl\u0131k konusunda her zaman m\u00fckemmeliyeti hedefler. Geleneksel ve yenilik\u00e7i lezzetler sunarak tat merakl\u0131lar\u0131 i\u00e7in ideal bir destinasyon haline gelir. Patixo tat ve kaliteyi [&hellip;]<\/p>\n","protected":false},"author":1,"featured_media":0,"parent":0,"menu_order":0,"comment_status":"closed","ping_status":"closed","template":"elementor_header_footer","meta":{"_acf_changed":false,"footnotes":""},"class_list":["post-2954","page","type-page","status-publish","hentry"],"acf":[],"_links":{"self":[{"href":"https:\/\/mjh-chips.com\/tr\/wp-json\/wp\/v2\/pages\/2954","targetHints":{"allow":["GET"]}}],"collection":[{"href":"https:\/\/mjh-chips.com\/tr\/wp-json\/wp\/v2\/pages"}],"about":[{"href":"https:\/\/mjh-chips.com\/tr\/wp-json\/wp\/v2\/types\/page"}],"author":[{"embeddable":true,"href":"https:\/\/mjh-chips.com\/tr\/wp-json\/wp\/v2\/users\/1"}],"replies":[{"embeddable":true,"href":"https:\/\/mjh-chips.com\/tr\/wp-json\/wp\/v2\/comments?post=2954"}],"version-history":[{"count":34,"href":"https:\/\/mjh-chips.com\/tr\/wp-json\/wp\/v2\/pages\/2954\/revisions"}],"predecessor-version":[{"id":4992,"href":"https:\/\/mjh-chips.com\/tr\/wp-json\/wp\/v2\/pages\/2954\/revisions\/4992"}],"wp:attachment":[{"href":"https:\/\/mjh-chips.com\/tr\/wp-json\/wp\/v2\/media?parent=2954"}],"curies":[{"name":"wp","href":"https:\/\/api.w.org\/{rel}","templated":true}]}}