{"id":2939,"date":"2023-08-27T18:22:40","date_gmt":"2023-08-27T18:22:40","guid":{"rendered":"https:\/\/mjh-chips.com\/%d8%b3%d9%8a%d8%a7%d8%b3%d8%a9-%d8%a7%d9%84%d8%ae%d8%b5%d9%88%d8%b5%d9%8a%d8%a9\/"},"modified":"2023-09-01T04:59:51","modified_gmt":"2023-09-01T04:59:51","slug":"%d8%b3%d9%8a%d8%a7%d8%b3%d8%a9-%d8%a7%d9%84%d8%ae%d8%b5%d9%88%d8%b5%d9%8a%d8%a9","status":"publish","type":"page","link":"https:\/\/mjh-chips.com\/tr\/%d8%b3%d9%8a%d8%a7%d8%b3%d8%a9-%d8%a7%d9%84%d8%ae%d8%b5%d9%88%d8%b5%d9%8a%d8%a9\/","title":{"rendered":"Gizlilik Politikas\u0131"},"content":{"rendered":"\n<p>Biz kimiz<br>Web sitemizin adresi: https:\/\/mjh-chips.com.<\/p>\n\n\n\n<p>yorumlar<br>Ziyaret\u00e7iler sitede yorum b\u0131rakt\u0131\u011f\u0131nda, spam tespitine yard\u0131mc\u0131 olmak i\u00e7in yorum formunda g\u00f6sterilen verilerin yan\u0131 s\u0131ra ziyaret\u00e7inin IP adresi ve taray\u0131c\u0131 kullan\u0131c\u0131 arac\u0131s\u0131 dizesini de toplar\u0131z.<\/p>\n\n\n\n<p>Gravatar hizmetini kullan\u0131p kullanmad\u0131\u011f\u0131n\u0131z\u0131 g\u00f6rmek i\u00e7in e-posta adresinizden olu\u015fturulan anonimle\u015ftirilmi\u015f bir dize (hash olarak da bilinir) sa\u011flanabilir. Gravatar hizmeti gizlilik politikas\u0131na \u015fu adresten ula\u015fabilirsiniz: https:\/\/automattic.com\/privacy\/. Yorumunuz onayland\u0131ktan sonra profil resminiz yorumunuz ba\u011flam\u0131nda herkese a\u00e7\u0131k olacakt\u0131r.<\/p>\n\n\n\n<p>Medya<br>Web sitesine g\u00f6rsel y\u00fcklerseniz, g\u00f6m\u00fcl\u00fc konum verileri (EXIF GPS) i\u00e7eren g\u00f6rseller y\u00fcklemekten ka\u00e7\u0131nmal\u0131s\u0131n\u0131z. Site ziyaret\u00e7ileri, web sitesindeki g\u00f6rsellerden herhangi bir konum verisini indirebilir ve \u00e7\u0131karabilir.<\/p>\n\n\n\n<p>Kurabiye<br>Sitemize bir yorum b\u0131rak\u0131rsan\u0131z ad\u0131n\u0131z\u0131, e-posta adresinizi ve web sitenizi \u00e7erezlere kaydetmeyi se\u00e7ebilirsiniz. Bunlar size kolayl\u0131k sa\u011flamak i\u00e7indir, b\u00f6ylece ba\u015fka bir yorum b\u0131rakt\u0131\u011f\u0131n\u0131zda bilgilerinizi tekrar doldurman\u0131za gerek kalmaz. Bu \u00e7erezler bir y\u0131l boyunca kalacakt\u0131r.<\/p>\n\n\n\n<p>Giri\u015f sayfam\u0131z\u0131 ziyaret ederseniz, taray\u0131c\u0131n\u0131z\u0131n \u00e7erezleri kabul edip etmedi\u011fini belirlemek i\u00e7in ge\u00e7ici bir \u00e7erez yerle\u015ftirece\u011fiz. Bu \u00e7erez herhangi bir ki\u015fisel veri i\u00e7ermez ve taray\u0131c\u0131n\u0131z\u0131 kapatt\u0131\u011f\u0131n\u0131zda at\u0131l\u0131r.<\/p>\n\n\n\n<p>Oturum a\u00e7t\u0131\u011f\u0131n\u0131zda, oturum a\u00e7ma bilgilerinizi ve g\u00f6r\u00fcnt\u00fcleme tercihlerinizi kaydetmek i\u00e7in \u00e7e\u015fitli \u00e7erezler de yerle\u015ftiririz. Giri\u015f \u00e7erezleri iki g\u00fcn s\u00fcreyle, ekran se\u00e7enekleri \u00e7erezleri ise bir y\u0131l s\u00fcreyle dayan\u0131r. \u201cBeni hat\u0131rla\u201dy\u0131 se\u00e7ti\u011finizde iki hafta boyunca oturumunuz a\u00e7\u0131k kalacak ve hesaptan \u00e7\u0131k\u0131\u015f yapman\u0131z durumunda oturum a\u00e7ma \u00e7erezleri silinecektir.<\/p>\n\n\n\n<p>Bir makaleyi d\u00fczenlerseniz veya yay\u0131nlarsan\u0131z taray\u0131c\u0131n\u0131za ek bir \u00e7erez kaydedilecektir. Bu dosya herhangi bir ki\u015fisel veri i\u00e7ermez, yaln\u0131zca d\u00fczenledi\u011finiz makalenin ID&#8217;sini ifade eder. Bir g\u00fcn sonra ge\u00e7erlili\u011fi sona erecektir.<\/p>\n\n\n\n<p>Di\u011fer web sitelerinden g\u00f6m\u00fcl\u00fc i\u00e7erik<br>Bu sitedeki makaleler g\u00f6m\u00fcl\u00fc i\u00e7erik (\u00f6rne\u011fin videolar, resimler, makaleler vb.) i\u00e7erebilir. Di\u011fer web sitelerindeki g\u00f6m\u00fcl\u00fc i\u00e7erik, ziyaret\u00e7inin di\u011fer web sitesini ziyaret etmi\u015f gibi tamamen ayn\u0131 \u015fekilde davran\u0131r.<\/p>\n\n\n\n<p>Bu web siteleri sizin hakk\u0131n\u0131zda veri toplayabilir, \u00e7erez kullanabilir, ek \u00fc\u00e7\u00fcnc\u00fc taraf takibi yerle\u015ftirebilir ve bir hesab\u0131n\u0131z varsa ve o sitede oturum a\u00e7t\u0131ysan\u0131z, g\u00f6m\u00fcl\u00fc i\u00e7erikle etkile\u015fiminizi izlemek de dahil olmak \u00fczere bu t\u00fcr g\u00f6m\u00fcl\u00fc i\u00e7erikle etkile\u015fiminizi izleyebilir.<\/p>\n\n\n\n<p>Verilerinizi kimlerle payla\u015f\u0131yoruz<br>\u015eifre s\u0131f\u0131rlama talebinde bulunursan\u0131z, IP adresiniz s\u0131f\u0131rlama e-postas\u0131na dahil edilecektir.<\/p>\n\n\n\n<p>Verilerinizi ne kadar s\u00fcre sakl\u0131yoruz<br>Bir yorum b\u0131rak\u0131rsan\u0131z yorum ve meta verileri s\u00fcresiz olarak korunacakt\u0131r. Bu, inceleme i\u00e7in onay i\u00e7in beklemek yerine, takip yorumlar\u0131n\u0131 belirleyip otomatik olarak onaylayabilmemiz i\u00e7indir.<\/p>\n\n\n\n<p>Web sitemize kay\u0131t olan kullan\u0131c\u0131lar i\u00e7in (varsa), sa\u011flad\u0131klar\u0131 ki\u015fisel bilgileri kullan\u0131c\u0131 profillerinde de sakl\u0131yoruz. T\u00fcm kullan\u0131c\u0131lar ki\u015fisel bilgilerini istedikleri zaman g\u00f6r\u00fcnt\u00fcleyebilir, d\u00fczenleyebilir veya silebilir (kullan\u0131c\u0131 adlar\u0131n\u0131 de\u011fi\u015ftirememeleri hari\u00e7). Web sitesi y\u00f6neticileri de bu bilgileri g\u00f6rebilir ve d\u00fczenleyebilir.<\/p>\n\n\n\n<p>Verileriniz \u00fczerinde hangi haklara sahipsiniz?<br>Bu sitede bir hesab\u0131n\u0131z varsa veya yorum b\u0131rakt\u0131ysan\u0131z, bize sa\u011flad\u0131\u011f\u0131n\u0131z veriler de dahil olmak \u00fczere hakk\u0131n\u0131zda tuttu\u011fumuz ki\u015fisel verilerin d\u0131\u015fa aktar\u0131lm\u0131\u015f bir dosyas\u0131n\u0131 talep edebilirsiniz. Ayr\u0131ca hakk\u0131n\u0131zda tuttu\u011fumuz t\u00fcm ki\u015fisel verileri silmemizi de talep edebilirsiniz. Bu, idari, hukuki veya g\u00fcvenlik ama\u00e7lar\u0131yla saklamakla y\u00fck\u00fcml\u00fc oldu\u011fumuz hi\u00e7bir veriyi i\u00e7ermez.<\/p>\n\n\n\n<p>Verileriniz nereye g\u00f6nderiliyor<br>Ziyaret\u00e7i yorumlar\u0131 otomatik spam tespit hizmeti arac\u0131l\u0131\u011f\u0131yla kontrol edilebilir.<\/p>\n\n\n\n<p>Cips \u00fcretiminde m\u00fckemmelli\u011fin sembol\u00fc olan MJ Company, on y\u0131l\u0131 a\u015fk\u0131n tecr\u00fcbesiyle Suriye k\u00f6kenlidir. 2019 y\u0131l\u0131nda Ortado\u011fu&#8217;nun en b\u00fcy\u00fck cips \u00fcreticilerinden biri olan Gaziantep&#8217;te dev fabrikalar\u0131m\u0131z\u0131n bulundu\u011fu T\u00fcrkiye s\u0131n\u0131r\u0131n\u0131 ge\u00e7tik.<\/p>\n","protected":false},"excerpt":{"rendered":"<p>Biz kimizWeb sitemizin adresi: https:\/\/mjh-chips.com. yorumlarZiyaret\u00e7iler sitede yorum b\u0131rakt\u0131\u011f\u0131nda, spam tespitine yard\u0131mc\u0131 olmak i\u00e7in yorum formunda g\u00f6sterilen verilerin yan\u0131 s\u0131ra ziyaret\u00e7inin IP adresi ve taray\u0131c\u0131 kullan\u0131c\u0131 arac\u0131s\u0131 dizesini de toplar\u0131z. Gravatar hizmetini kullan\u0131p kullanmad\u0131\u011f\u0131n\u0131z\u0131 g\u00f6rmek i\u00e7in e-posta adresinizden olu\u015fturulan anonimle\u015ftirilmi\u015f bir dize (hash olarak da bilinir) sa\u011flanabilir. Gravatar hizmeti gizlilik politikas\u0131na \u015fu adresten ula\u015fabilirsiniz: https:\/\/automattic.com\/privacy\/. [&hellip;]<\/p>\n","protected":false},"author":1,"featured_media":0,"parent":0,"menu_order":0,"comment_status":"closed","ping_status":"closed","template":"","meta":{"_acf_changed":false,"footnotes":""},"class_list":["post-2939","page","type-page","status-publish","hentry"],"acf":[],"_links":{"self":[{"href":"https:\/\/mjh-chips.com\/tr\/wp-json\/wp\/v2\/pages\/2939","targetHints":{"allow":["GET"]}}],"collection":[{"href":"https:\/\/mjh-chips.com\/tr\/wp-json\/wp\/v2\/pages"}],"about":[{"href":"https:\/\/mjh-chips.com\/tr\/wp-json\/wp\/v2\/types\/page"}],"author":[{"embeddable":true,"href":"https:\/\/mjh-chips.com\/tr\/wp-json\/wp\/v2\/users\/1"}],"replies":[{"embeddable":true,"href":"https:\/\/mjh-chips.com\/tr\/wp-json\/wp\/v2\/comments?post=2939"}],"version-history":[{"count":1,"href":"https:\/\/mjh-chips.com\/tr\/wp-json\/wp\/v2\/pages\/2939\/revisions"}],"predecessor-version":[{"id":3041,"href":"https:\/\/mjh-chips.com\/tr\/wp-json\/wp\/v2\/pages\/2939\/revisions\/3041"}],"wp:attachment":[{"href":"https:\/\/mjh-chips.com\/tr\/wp-json\/wp\/v2\/media?parent=2939"}],"curies":[{"name":"wp","href":"https:\/\/api.w.org\/{rel}","templated":true}]}}