{"id":2937,"date":"2023-08-27T18:25:07","date_gmt":"2023-08-27T18:25:07","guid":{"rendered":"https:\/\/mjh-chips.com\/%d8%a7%d9%84%d8%b4%d8%b1%d9%88%d8%b7-%d9%88%d8%a7%d9%84%d8%a3%d8%ad%d9%83%d8%a7%d9%85\/"},"modified":"2023-09-01T05:02:02","modified_gmt":"2023-09-01T05:02:02","slug":"%d8%a7%d9%84%d8%b4%d8%b1%d9%88%d8%b7-%d9%88%d8%a7%d9%84%d8%a3%d8%ad%d9%83%d8%a7%d9%85","status":"publish","type":"page","link":"https:\/\/mjh-chips.com\/tr\/%d8%a7%d9%84%d8%b4%d8%b1%d9%88%d8%b7-%d9%88%d8%a7%d9%84%d8%a3%d8%ad%d9%83%d8%a7%d9%85\/","title":{"rendered":"\u015eartlar ve ko\u015fullar"},"content":{"rendered":"\n<h2 class=\"wp-block-heading\"><strong>\u015eartlar ve Ko\u015fullar<\/strong><\/h2>\n\n\n\n<p>mjh chip&#8217;lere ho\u015f geldiniz!<\/p>\n\n\n\n<p>Bu \u015fartlar ve ko\u015fullar, https:\/\/mjh-chips.com\/ adresinde bulunan MJ Web Sitesinin kullan\u0131m\u0131na ili\u015fkin kural ve d\u00fczenlemeleri \u00f6zetlemektedir.<\/p>\n\n\n\n<p>Bu web sitesine eri\u015ferek bu \u015fartlar ve ko\u015fullar\u0131 kabul etti\u011finizi varsay\u0131yoruz. Bu sayfada belirtilen h\u00fck\u00fcm ve ko\u015fullar\u0131n tamam\u0131n\u0131 kabul etmiyorsan\u0131z mjh \u00e7iplerini kullanmaya devam etmeyin.<\/p>\n\n\n\n<p>A\u015fa\u011f\u0131daki terminoloji, bu \u015eartlar ve Ko\u015fullar, Gizlilik Beyan\u0131 ve Sorumluluk Reddi Bildirimi ve t\u00fcm S\u00f6zle\u015fmeler i\u00e7in ge\u00e7erlidir: &#8220;M\u00fc\u015fteri&#8221;, &#8220;Siz&#8221; ve &#8220;Sizin&#8221; sizi, bu web sitesinde oturum a\u00e7an ve \u015eirketin \u015fartlar\u0131na ve \u015fartlar\u0131na uyan ki\u015fiyi ifade eder. ko\u015fullar. &#8220;\u015eirket&#8221;, &#8220;Kendimiz&#8221;, &#8220;Biz&#8221;, &#8220;Bizim&#8221; ve &#8220;Bize&#8221;, \u015eirketimizi ifade eder. &#8220;Taraf&#8221;, &#8220;Taraflar&#8221; veya &#8220;Biz&#8221; hem M\u00fc\u015fteriyi hem de bizi ifade eder. T\u00fcm \u015fartlar, \u015eirketin belirtilen hizmetlerinin sa\u011flanmas\u0131na ili\u015fkin M\u00fc\u015fterinin ihtiya\u00e7lar\u0131n\u0131n a\u00e7\u0131k bir \u015fekilde kar\u015f\u0131lanmas\u0131 amac\u0131yla M\u00fc\u015fteriye yard\u0131m s\u00fcrecimizi en uygun \u015fekilde y\u00fcr\u00fctmek i\u00e7in gerekli \u00f6demenin teklifini, kabul\u00fcn\u00fc ve dikkate al\u0131nmas\u0131n\u0131 ifade eder. ve y\u00fcr\u00fcrl\u00fckteki tr kanununa tabidir. Yukar\u0131daki terminolojinin veya di\u011fer kelimelerin tekil, \u00e7o\u011ful, b\u00fcy\u00fck harf kullan\u0131m\u0131 ve\/veya o veya onlar birbirinin yerine kullan\u0131labilir ve dolay\u0131s\u0131yla ayn\u0131 anlama gelir.<\/p>\n\n\n\n<h3 class=\"wp-block-heading\"><strong>\u00c7erezler<\/strong><\/h3>\n\n\n\n<p>\u00c7erezler kullan\u0131yoruz. Mjh \u00e7iplerine eri\u015ferek, MJ&#8217;in Gizlilik Politikas\u0131na uygun olarak \u00e7erezleri kullanmay\u0131 kabul etmi\u015f olursunuz.<\/p>\n\n\n\n<p>\u00c7o\u011fu etkile\u015fimli web sitesi, her ziyarette kullan\u0131c\u0131n\u0131n ayr\u0131nt\u0131lar\u0131n\u0131 almam\u0131za olanak sa\u011flamak i\u00e7in \u00e7erezleri kullan\u0131r. \u00c7erezler, web sitemizi ziyaret eden ki\u015filerin i\u015fini kolayla\u015ft\u0131rmak amac\u0131yla belirli alanlar\u0131n i\u015flevselli\u011fini sa\u011flamak amac\u0131yla web sitemiz taraf\u0131ndan kullan\u0131lmaktad\u0131r. Sat\u0131\u015f ortaklar\u0131m\u0131zdan\/reklam ortaklar\u0131m\u0131zdan baz\u0131lar\u0131 da \u00e7erez kullanabilir.<\/p>\n\n\n\n<h3 class=\"wp-block-heading\"><strong>Lisans<\/strong><\/h3>\n\n\n\n<p>Aksi belirtilmedi\u011fi s\u00fcrece, MJ ve\/veya lisans verenleri mjh \u00e7iplerindeki t\u00fcm materyallerin fikri m\u00fclkiyet haklar\u0131na sahiptir. T\u00fcm fikri m\u00fclkiyet haklar\u0131 sakl\u0131d\u0131r. Bu \u015fartlar ve ko\u015fullarda belirlenen k\u0131s\u0131tlamalara tabi olarak, kendi ki\u015fisel kullan\u0131m\u0131n\u0131z i\u00e7in mjh \u00e7iplerinden buna eri\u015febilirsiniz.<\/p>\n\n\n\n<p>Yapmamal\u0131s\u0131n\u0131z:<\/p>\n\n\n\n<ul class=\"wp-block-list\">\n<li>Mjh \u00e7iplerinden materyali yeniden yay\u0131nlay\u0131n<\/li>\n\n\n\n<li>Mjh \u00e7iplerinden malzeme satabilir, kiralayabilir veya alt lisans\u0131n\u0131 verebilirsiniz<\/li>\n\n\n\n<li>Mjh \u00e7iplerindeki materyalleri \u00e7o\u011falt\u0131n, \u00e7o\u011falt\u0131n veya kopyalay\u0131n<\/li>\n\n\n\n<li>Mjh \u00e7iplerindeki i\u00e7eri\u011fi yeniden da\u011f\u0131t\u0131n<\/li>\n<\/ul>\n\n\n\n<p>Bu S\u00f6zle\u015fme bu tarihte ba\u015flayacakt\u0131r. \u015eartlar ve Ko\u015fullar\u0131m\u0131z <a href=\"https:\/\/www.termsandconditionsgenerator.com\/\" target=\"_blank\" rel=\"noopener\">\u00dccretsiz \u015eartlar ve Ko\u015fullar Olu\u015fturucu<\/a>&#8216;nun yard\u0131m\u0131yla olu\u015fturulmu\u015ftur.<\/p>\n\n\n\n<p>Bu web sitesinin baz\u0131 b\u00f6l\u00fcmleri, kullan\u0131c\u0131lara web sitesinin belirli alanlar\u0131nda fikir ve bilgi payla\u015f\u0131m\u0131nda bulunma ve fikir al\u0131\u015fveri\u015finde bulunma f\u0131rsat\u0131 sunar. MJ, Web sitesinde bulunmadan \u00f6nce Yorumlar\u0131 filtrelemez, d\u00fczenlemez, yay\u0131nlamaz veya incelemez. Yorumlar MJ&#8217;in, acentelerinin ve\/veya ba\u011fl\u0131 kurulu\u015flar\u0131n\u0131n g\u00f6r\u00fc\u015f ve d\u00fc\u015f\u00fcncelerini yans\u0131tmaz. Yorumlar, g\u00f6r\u00fc\u015f ve d\u00fc\u015f\u00fcncelerini yay\u0131nlayan ki\u015finin g\u00f6r\u00fc\u015f ve d\u00fc\u015f\u00fcncelerini yans\u0131t\u0131r. Ge\u00e7erli yasalar\u0131n izin verdi\u011fi \u00f6l\u00e7\u00fcde, MJ, Yorumlardan veya bu yorumun herhangi bir \u015fekilde kullan\u0131lmas\u0131 ve\/veya yay\u0131nlanmas\u0131 ve\/veya ortaya \u00e7\u0131kmas\u0131 sonucunda ortaya \u00e7\u0131kan ve\/veya maruz kal\u0131nan hi\u00e7bir y\u00fck\u00fcml\u00fcl\u00fckten, zarardan veya masraftan sorumlu olmayacakt\u0131r. web sitesi.<\/p>\n\n\n\n<p>MJ, t\u00fcm Yorumlar\u0131 izleme ve uygunsuz, sald\u0131rgan olarak de\u011ferlendirilebilecek veya bu \u015eartlar ve Ko\u015fullar\u0131n ihlaline neden olabilecek t\u00fcm Yorumlar\u0131 kald\u0131rma hakk\u0131n\u0131 sakl\u0131 tutar.<\/p>\n\n\n\n<p>\u015eunlar\u0131 garanti ve beyan edersiniz:<\/p>\n\n\n\n<ul class=\"wp-block-list\">\n<li>Yorumlar\u0131 web sitemizde yay\u0131nlama hakk\u0131na sahipsiniz ve bunu yapmak i\u00e7in gerekli t\u00fcm lisanslara ve izinlere sahipsiniz;<\/li>\n\n\n\n<li>Yorumlar, herhangi bir \u00fc\u00e7\u00fcnc\u00fc taraf\u0131n telif hakk\u0131, patenti veya ticari markas\u0131 dahil ancak bunlarla s\u0131n\u0131rl\u0131 olmamak \u00fczere hi\u00e7bir fikri m\u00fclkiyet hakk\u0131n\u0131 ihlal etmez;<\/li>\n\n\n\n<li>Yorumlar, karalay\u0131c\u0131, iftira niteli\u011finde, sald\u0131rgan, uygunsuz veya ba\u015fka bir \u015fekilde gizlili\u011fi ihlal eden yasa d\u0131\u015f\u0131 materyal i\u00e7ermez<\/li>\n\n\n\n<li>Yorumlar, i\u015f veya \u00f6zel veya ticari faaliyetleri veya yasa d\u0131\u015f\u0131 faaliyetleri te\u015fvik etmek veya tan\u0131tmak i\u00e7in kullan\u0131lmayacakt\u0131r.<\/li>\n<\/ul>\n\n\n\n<p>MJ&#8217;ye, Yorumlar\u0131n\u0131z\u0131 her t\u00fcrl\u00fc form, format veya ortamda kullanmas\u0131, \u00e7o\u011faltmas\u0131, d\u00fczenlemesi ve ba\u015fkalar\u0131na kullanmas\u0131, \u00e7o\u011faltmas\u0131 ve d\u00fczenlemesi i\u00e7in m\u00fcnhas\u0131r olmayan bir lisans veriyorsunuz.<\/p>\n\n\n\n<h3 class=\"wp-block-heading\"><strong>\u0130\u00e7eri\u011fimize K\u00f6pr\u00fc Olu\u015fturma<\/strong><\/h3>\n\n\n\n<p>A\u015fa\u011f\u0131daki kurulu\u015flar \u00f6nceden yaz\u0131l\u0131 onay al\u0131nmaks\u0131z\u0131n Web Sitemize ba\u011flant\u0131 verebilir:<\/p>\n\n\n\n<ul class=\"wp-block-list\">\n<li>Devlet kurumlar\u0131;<\/li>\n\n\n\n<li>Arama motorlar\u0131;<\/li>\n\n\n\n<li>Haber kurulu\u015flar\u0131;<\/li>\n\n\n\n<li>\u00c7evrimi\u00e7i rehber da\u011f\u0131t\u0131c\u0131lar\u0131, listelenen di\u011fer i\u015fletmelerin Web sitelerine hiper ba\u011flant\u0131 verdikleri gibi Web Sitemize de ba\u011flant\u0131 verebilir; ve<\/li>\n\n\n\n<li>Web sitemize hiper ba\u011flant\u0131 vermeyebilecek kar amac\u0131 g\u00fctmeyen kurulu\u015flar, yard\u0131m ama\u00e7l\u0131 al\u0131\u015fveri\u015f merkezleri ve hay\u0131r ama\u00e7l\u0131 ba\u011f\u0131\u015f toplama gruplar\u0131 i\u00e7in \u00e7a\u011fr\u0131da bulunanlar hari\u00e7, sistem \u00e7ap\u0131nda Akredite \u0130\u015fletmeler.<\/li>\n<\/ul>\n\n\n\n<p>Bu kurulu\u015flar, ba\u011flant\u0131n\u0131n: (a) hi\u00e7bir \u015fekilde aldat\u0131c\u0131 olmamas\u0131; (b) Yanl\u0131\u015fl\u0131kla sponsorluk ima etmez, onaylamaz<\/p>\n","protected":false},"excerpt":{"rendered":"<p>\u015eartlar ve Ko\u015fullar mjh chip&#8217;lere ho\u015f geldiniz! Bu \u015fartlar ve ko\u015fullar, https:\/\/mjh-chips.com\/ adresinde bulunan MJ Web Sitesinin kullan\u0131m\u0131na ili\u015fkin kural ve d\u00fczenlemeleri \u00f6zetlemektedir. Bu web sitesine eri\u015ferek bu \u015fartlar ve ko\u015fullar\u0131 kabul etti\u011finizi varsay\u0131yoruz. Bu sayfada belirtilen h\u00fck\u00fcm ve ko\u015fullar\u0131n tamam\u0131n\u0131 kabul etmiyorsan\u0131z mjh \u00e7iplerini kullanmaya devam etmeyin. A\u015fa\u011f\u0131daki terminoloji, bu \u015eartlar ve Ko\u015fullar, Gizlilik [&hellip;]<\/p>\n","protected":false},"author":1,"featured_media":0,"parent":0,"menu_order":0,"comment_status":"closed","ping_status":"closed","template":"","meta":{"_acf_changed":false,"footnotes":""},"class_list":["post-2937","page","type-page","status-publish","hentry"],"acf":[],"_links":{"self":[{"href":"https:\/\/mjh-chips.com\/tr\/wp-json\/wp\/v2\/pages\/2937","targetHints":{"allow":["GET"]}}],"collection":[{"href":"https:\/\/mjh-chips.com\/tr\/wp-json\/wp\/v2\/pages"}],"about":[{"href":"https:\/\/mjh-chips.com\/tr\/wp-json\/wp\/v2\/types\/page"}],"author":[{"embeddable":true,"href":"https:\/\/mjh-chips.com\/tr\/wp-json\/wp\/v2\/users\/1"}],"replies":[{"embeddable":true,"href":"https:\/\/mjh-chips.com\/tr\/wp-json\/wp\/v2\/comments?post=2937"}],"version-history":[{"count":1,"href":"https:\/\/mjh-chips.com\/tr\/wp-json\/wp\/v2\/pages\/2937\/revisions"}],"predecessor-version":[{"id":3043,"href":"https:\/\/mjh-chips.com\/tr\/wp-json\/wp\/v2\/pages\/2937\/revisions\/3043"}],"wp:attachment":[{"href":"https:\/\/mjh-chips.com\/tr\/wp-json\/wp\/v2\/media?parent=2937"}],"curies":[{"name":"wp","href":"https:\/\/api.w.org\/{rel}","templated":true}]}}